{"id":6589,"date":"2016-09-26T13:19:31","date_gmt":"2016-09-26T13:19:31","guid":{"rendered":"https:\/\/www.pasquiniebini.com\/prodotti\/plato-vega-negro\/"},"modified":"2022-10-06T13:16:22","modified_gmt":"2022-10-06T12:16:22","slug":"plato-vega-negro","status":"publish","type":"product","link":"https:\/\/www.pasquiniebini.com\/es\/producto\/plato-vega-negro\/","title":{"rendered":"Plato Vega Negro"},"content":{"rendered":"<p>Gracias al borde, el agua de riego, en exceso y escurrida de la maceta, es recogida en el plato y absorbida de nuevo por las ra\u00edces cuando la planta tiene sed. El plato cuadrado Vega tiene un uso universal y, adem\u00e1s de poder combinarse con las macetas de la misma serie, tambi\u00e9n se puede utilizar con las macetas cuadradas de producci\u00f3n.<\/p>\n","protected":false},"excerpt":{"rendered":"<p>Plato cuadrado de pl\u00e1stico reciclado<\/p>\n","protected":false},"featured_media":37279,"template":"","meta":{"inline_featured_image":false},"product_brand":[],"product_cat":[181],"product_tag":[220,230,221],"esigenze":[1287,1281],"tipologie":[1315],"class_list":{"0":"post-6589","1":"product","2":"type-product","3":"status-publish","4":"has-post-thumbnail","6":"product_cat-linea-de-inyeccion-npb","7":"product_tag-platos-cuadrados","8":"product_tag-platos-para-macetas","9":"product_tag-platos-rectangulares-para-jardineras","10":"esigenze-hidroponia","11":"esigenze-vivero-y-cultivo","12":"tipologie-platos-de-plastico-por-inyeccion","14":"first","15":"instock","16":"shipping-taxable","17":"product-type-simple"},"acf":[],"_links":{"self":[{"href":"https:\/\/www.pasquiniebini.com\/es\/wp-json\/wp\/v2\/product\/6589","targetHints":{"allow":["GET"]}}],"collection":[{"href":"https:\/\/www.pasquiniebini.com\/es\/wp-json\/wp\/v2\/product"}],"about":[{"href":"https:\/\/www.pasquiniebini.com\/es\/wp-json\/wp\/v2\/types\/product"}],"wp:featuredmedia":[{"embeddable":true,"href":"https:\/\/www.pasquiniebini.com\/es\/wp-json\/wp\/v2\/media\/37279"}],"wp:attachment":[{"href":"https:\/\/www.pasquiniebini.com\/es\/wp-json\/wp\/v2\/media?parent=6589"}],"wp:term":[{"taxonomy":"product_brand","embeddable":true,"href":"https:\/\/www.pasquiniebini.com\/es\/wp-json\/wp\/v2\/product_brand?post=6589"},{"taxonomy":"product_cat","embeddable":true,"href":"https:\/\/www.pasquiniebini.com\/es\/wp-json\/wp\/v2\/product_cat?post=6589"},{"taxonomy":"product_tag","embeddable":true,"href":"https:\/\/www.pasquiniebini.com\/es\/wp-json\/wp\/v2\/product_tag?post=6589"},{"taxonomy":"esigenze","embeddable":true,"href":"https:\/\/www.pasquiniebini.com\/es\/wp-json\/wp\/v2\/esigenze?post=6589"},{"taxonomy":"tipologie","embeddable":true,"href":"https:\/\/www.pasquiniebini.com\/es\/wp-json\/wp\/v2\/tipologie?post=6589"}],"curies":[{"name":"wp","href":"https:\/\/api.w.org\/{rel}","templated":true}]}}