{"id":6579,"date":"2016-09-26T09:40:39","date_gmt":"2016-09-26T09:40:39","guid":{"rendered":"https:\/\/www.pasquiniebini.com\/prodotti\/plato-para-jardinera-cassiopea\/"},"modified":"2022-10-06T13:11:38","modified_gmt":"2022-10-06T12:11:38","slug":"plato-para-jardinera-cassiopea","status":"publish","type":"product","link":"https:\/\/www.pasquiniebini.com\/es\/producto\/plato-para-jardinera-cassiopea\/","title":{"rendered":"Plato Para Jardinera Cassiopea"},"content":{"rendered":"<p>Plato rectangular de pl\u00e1stico imitaci\u00f3n terracota. Tambi\u00e9n disponible en tres variantes de color.<\/p>\n","protected":false},"excerpt":{"rendered":"<p>Plato de polipropileno copol\u00edmero<\/p>\n","protected":false},"featured_media":37073,"template":"","meta":{"inline_featured_image":false},"product_brand":[],"product_cat":[181],"product_tag":[230,221],"esigenze":[1299,1291],"tipologie":[1315],"class_list":{"0":"post-6579","1":"product","2":"type-product","3":"status-publish","4":"has-post-thumbnail","6":"product_cat-linea-de-inyeccion-npb","7":"product_tag-platos-para-macetas","8":"product_tag-platos-rectangulares-para-jardineras","9":"esigenze-floricultura","10":"esigenze-garden-y-hobby","11":"tipologie-platos-de-plastico-por-inyeccion","13":"first","14":"instock","15":"shipping-taxable","16":"purchasable","17":"product-type-variable"},"acf":[],"_links":{"self":[{"href":"https:\/\/www.pasquiniebini.com\/es\/wp-json\/wp\/v2\/product\/6579","targetHints":{"allow":["GET"]}}],"collection":[{"href":"https:\/\/www.pasquiniebini.com\/es\/wp-json\/wp\/v2\/product"}],"about":[{"href":"https:\/\/www.pasquiniebini.com\/es\/wp-json\/wp\/v2\/types\/product"}],"wp:featuredmedia":[{"embeddable":true,"href":"https:\/\/www.pasquiniebini.com\/es\/wp-json\/wp\/v2\/media\/37073"}],"wp:attachment":[{"href":"https:\/\/www.pasquiniebini.com\/es\/wp-json\/wp\/v2\/media?parent=6579"}],"wp:term":[{"taxonomy":"product_brand","embeddable":true,"href":"https:\/\/www.pasquiniebini.com\/es\/wp-json\/wp\/v2\/product_brand?post=6579"},{"taxonomy":"product_cat","embeddable":true,"href":"https:\/\/www.pasquiniebini.com\/es\/wp-json\/wp\/v2\/product_cat?post=6579"},{"taxonomy":"product_tag","embeddable":true,"href":"https:\/\/www.pasquiniebini.com\/es\/wp-json\/wp\/v2\/product_tag?post=6579"},{"taxonomy":"esigenze","embeddable":true,"href":"https:\/\/www.pasquiniebini.com\/es\/wp-json\/wp\/v2\/esigenze?post=6579"},{"taxonomy":"tipologie","embeddable":true,"href":"https:\/\/www.pasquiniebini.com\/es\/wp-json\/wp\/v2\/tipologie?post=6579"}],"curies":[{"name":"wp","href":"https:\/\/api.w.org\/{rel}","templated":true}]}}