{"id":6575,"date":"2016-09-13T23:50:19","date_gmt":"2016-09-13T23:50:19","guid":{"rendered":"https:\/\/www.pasquiniebini.com\/prodotti\/malla-antigerminante\/"},"modified":"2022-11-09T16:15:31","modified_gmt":"2022-11-09T15:15:31","slug":"malla-antigerminante","status":"publish","type":"product","link":"https:\/\/www.pasquiniebini.com\/es\/producto\/malla-antigerminante\/","title":{"rendered":"Malla antigerminante"},"content":{"rendered":"<p>La malla antigerminante (o de cobertura) est\u00e1 realizada en polipropileno estabilizado a los rayos UV y garantizado para la exposici\u00f3n al sol durante un m\u00ednimo de 3 a\u00f1os. El tejido extremadamente resistente est\u00e1 cuadriculado con l\u00edneas verdes (15&#215;15 cm) para facilitar la alineaci\u00f3n de macetas o plantas. Se utiliza exclusivamente en el suelo para evitar el crecimiento de malas hierbas. Adem\u00e1s, la f\u00e1cil permeabilidad al agua y la protecci\u00f3n de los rayos solares permiten que el suelo se enfr\u00ede m\u00e1s r\u00e1pidamente, manteniendo estable la temperatura, en beneficio del sistema radicular de las plantas. Los rollos son de 100 metros lineales. Siempre est\u00e1 disponible en negro, con un peso de 105 gramos por metro cuadrado.<\/p>\n","protected":false},"excerpt":{"rendered":"<p>Malla negra de polipropileno para cobertura.<\/p>\n","protected":false},"featured_media":36865,"template":"","meta":{"inline_featured_image":false},"product_brand":[],"product_cat":[392],"product_tag":[231],"esigenze":[1303],"tipologie":[1311],"class_list":{"0":"post-6575","1":"product","2":"type-product","3":"status-publish","4":"has-post-thumbnail","6":"product_cat-altri-prodotti-per-la-coltivazione","7":"product_tag-telas-de-cobertura-y-accesorios","8":"esigenze-accesorios","9":"tipologie-malla-antigerminante","11":"first","12":"instock","13":"shipping-taxable","14":"product-type-simple"},"acf":[],"_links":{"self":[{"href":"https:\/\/www.pasquiniebini.com\/es\/wp-json\/wp\/v2\/product\/6575","targetHints":{"allow":["GET"]}}],"collection":[{"href":"https:\/\/www.pasquiniebini.com\/es\/wp-json\/wp\/v2\/product"}],"about":[{"href":"https:\/\/www.pasquiniebini.com\/es\/wp-json\/wp\/v2\/types\/product"}],"wp:featuredmedia":[{"embeddable":true,"href":"https:\/\/www.pasquiniebini.com\/es\/wp-json\/wp\/v2\/media\/36865"}],"wp:attachment":[{"href":"https:\/\/www.pasquiniebini.com\/es\/wp-json\/wp\/v2\/media?parent=6575"}],"wp:term":[{"taxonomy":"product_brand","embeddable":true,"href":"https:\/\/www.pasquiniebini.com\/es\/wp-json\/wp\/v2\/product_brand?post=6575"},{"taxonomy":"product_cat","embeddable":true,"href":"https:\/\/www.pasquiniebini.com\/es\/wp-json\/wp\/v2\/product_cat?post=6575"},{"taxonomy":"product_tag","embeddable":true,"href":"https:\/\/www.pasquiniebini.com\/es\/wp-json\/wp\/v2\/product_tag?post=6575"},{"taxonomy":"esigenze","embeddable":true,"href":"https:\/\/www.pasquiniebini.com\/es\/wp-json\/wp\/v2\/esigenze?post=6575"},{"taxonomy":"tipologie","embeddable":true,"href":"https:\/\/www.pasquiniebini.com\/es\/wp-json\/wp\/v2\/tipologie?post=6575"}],"curies":[{"name":"wp","href":"https:\/\/api.w.org\/{rel}","templated":true}]}}