{"id":6563,"date":"2016-09-13T23:30:53","date_gmt":"2016-09-13T23:30:53","guid":{"rendered":"https:\/\/www.pasquiniebini.com\/prodotti\/ariete-2\/"},"modified":"2022-10-02T23:59:37","modified_gmt":"2022-10-02T22:59:37","slug":"ariete","status":"publish","type":"product","link":"https:\/\/www.pasquiniebini.com\/es\/producto\/ariete\/","title":{"rendered":"Ariete"},"content":{"rendered":"<p>Pared lisa y dise\u00f1o minimalista para este cuenco imitaci\u00f3n terracota, producido en material virgen estabilizado a los rayos UV, resistente y f\u00e1cil de manipular, que puede ser utilizado como contenedor en floricultura, as\u00ed como objeto decorativo para el jard\u00edn.<\/p>\n","protected":false},"excerpt":{"rendered":"<p>Cuenco para floricultura<\/p>\n","protected":false},"featured_media":36727,"template":"","meta":{"inline_featured_image":false},"product_brand":[],"product_cat":[181],"product_tag":[225,241],"esigenze":[1299,1291],"tipologie":[1327,1319],"class_list":{"0":"post-6563","1":"product","2":"type-product","3":"status-publish","4":"has-post-thumbnail","6":"product_cat-linea-de-inyeccion-npb","7":"product_tag-cuencos-y-accesorios","8":"product_tag-macetas-para-produccion","9":"esigenze-floricultura","10":"esigenze-garden-y-hobby","11":"tipologie-cuencos-y-maceteros-de-plastico-por-inyeccion","12":"tipologie-macetas-para-floricultura","14":"first","15":"instock","16":"shipping-taxable","17":"product-type-simple"},"acf":[],"_links":{"self":[{"href":"https:\/\/www.pasquiniebini.com\/es\/wp-json\/wp\/v2\/product\/6563","targetHints":{"allow":["GET"]}}],"collection":[{"href":"https:\/\/www.pasquiniebini.com\/es\/wp-json\/wp\/v2\/product"}],"about":[{"href":"https:\/\/www.pasquiniebini.com\/es\/wp-json\/wp\/v2\/types\/product"}],"wp:featuredmedia":[{"embeddable":true,"href":"https:\/\/www.pasquiniebini.com\/es\/wp-json\/wp\/v2\/media\/36727"}],"wp:attachment":[{"href":"https:\/\/www.pasquiniebini.com\/es\/wp-json\/wp\/v2\/media?parent=6563"}],"wp:term":[{"taxonomy":"product_brand","embeddable":true,"href":"https:\/\/www.pasquiniebini.com\/es\/wp-json\/wp\/v2\/product_brand?post=6563"},{"taxonomy":"product_cat","embeddable":true,"href":"https:\/\/www.pasquiniebini.com\/es\/wp-json\/wp\/v2\/product_cat?post=6563"},{"taxonomy":"product_tag","embeddable":true,"href":"https:\/\/www.pasquiniebini.com\/es\/wp-json\/wp\/v2\/product_tag?post=6563"},{"taxonomy":"esigenze","embeddable":true,"href":"https:\/\/www.pasquiniebini.com\/es\/wp-json\/wp\/v2\/esigenze?post=6563"},{"taxonomy":"tipologie","embeddable":true,"href":"https:\/\/www.pasquiniebini.com\/es\/wp-json\/wp\/v2\/tipologie?post=6563"}],"curies":[{"name":"wp","href":"https:\/\/api.w.org\/{rel}","templated":true}]}}