{"id":6557,"date":"2016-09-13T17:31:55","date_gmt":"2016-09-13T17:31:55","guid":{"rendered":"https:\/\/www.pasquiniebini.com\/prodotti\/cassiopea-2\/"},"modified":"2022-10-02T23:44:54","modified_gmt":"2022-10-02T22:44:54","slug":"cassiopea","status":"publish","type":"product","link":"https:\/\/www.pasquiniebini.com\/es\/producto\/cassiopea\/","title":{"rendered":"Cassiopea"},"content":{"rendered":"<p>Un macetero sencillo pero elegante que, en combinaci\u00f3n con la maceta Pegaso, los cuencos Andromeda y Orione y la Mini-cassetta, a los que se une la caracter\u00edstica greca decorativa colocada bajo el borde, puede decorar cualquier terraza o balc\u00f3n con refinamiento.<\/p>\n","protected":false},"excerpt":{"rendered":"<p>Jardinera de pl\u00e1stico estabilizada a los rayos UV<\/p>\n","protected":false},"featured_media":37073,"template":"","meta":{"inline_featured_image":false},"product_brand":[],"product_cat":[181],"product_tag":[226,237],"esigenze":[1299,1291],"tipologie":[1331,1327],"class_list":{"0":"post-6557","1":"product","2":"type-product","3":"status-publish","4":"has-post-thumbnail","6":"product_cat-linea-de-inyeccion-npb","7":"product_tag-jardineras","8":"product_tag-macetas-para-exteriores","9":"esigenze-floricultura","10":"esigenze-garden-y-hobby","11":"tipologie-jardineras-de-plastico-por-inyeccion","12":"tipologie-cuencos-y-maceteros-de-plastico-por-inyeccion","14":"first","15":"instock","16":"shipping-taxable","17":"purchasable","18":"product-type-variable"},"acf":[],"_links":{"self":[{"href":"https:\/\/www.pasquiniebini.com\/es\/wp-json\/wp\/v2\/product\/6557","targetHints":{"allow":["GET"]}}],"collection":[{"href":"https:\/\/www.pasquiniebini.com\/es\/wp-json\/wp\/v2\/product"}],"about":[{"href":"https:\/\/www.pasquiniebini.com\/es\/wp-json\/wp\/v2\/types\/product"}],"wp:featuredmedia":[{"embeddable":true,"href":"https:\/\/www.pasquiniebini.com\/es\/wp-json\/wp\/v2\/media\/37073"}],"wp:attachment":[{"href":"https:\/\/www.pasquiniebini.com\/es\/wp-json\/wp\/v2\/media?parent=6557"}],"wp:term":[{"taxonomy":"product_brand","embeddable":true,"href":"https:\/\/www.pasquiniebini.com\/es\/wp-json\/wp\/v2\/product_brand?post=6557"},{"taxonomy":"product_cat","embeddable":true,"href":"https:\/\/www.pasquiniebini.com\/es\/wp-json\/wp\/v2\/product_cat?post=6557"},{"taxonomy":"product_tag","embeddable":true,"href":"https:\/\/www.pasquiniebini.com\/es\/wp-json\/wp\/v2\/product_tag?post=6557"},{"taxonomy":"esigenze","embeddable":true,"href":"https:\/\/www.pasquiniebini.com\/es\/wp-json\/wp\/v2\/esigenze?post=6557"},{"taxonomy":"tipologie","embeddable":true,"href":"https:\/\/www.pasquiniebini.com\/es\/wp-json\/wp\/v2\/tipologie?post=6557"}],"curies":[{"name":"wp","href":"https:\/\/api.w.org\/{rel}","templated":true}]}}