{"id":6556,"date":"2016-09-13T17:33:33","date_gmt":"2016-09-13T17:33:33","guid":{"rendered":"https:\/\/www.pasquiniebini.com\/prodotti\/mini-cassiopea-2\/"},"modified":"2022-10-02T23:46:46","modified_gmt":"2022-10-02T22:46:46","slug":"mini-cassiopea","status":"publish","type":"product","link":"https:\/\/www.pasquiniebini.com\/es\/producto\/mini-cassiopea\/","title":{"rendered":"Mini-Cassiopea"},"content":{"rendered":"<p>Para decorar alf\u00e9izares y barandillas o aportar un toque de color en espacios reducidos, \u00a1la minijardinera con plato encajable es el producto indicado! Este art\u00edculo de jardiner\u00eda tambi\u00e9n es ideal para la floricultura.<\/p>\n","protected":false},"excerpt":{"rendered":"<p>Minijardinera producida con moldeo por inyecci\u00f3n<\/p>\n","protected":false},"featured_media":36572,"template":"","meta":{"inline_featured_image":false},"product_brand":[],"product_cat":[181],"product_tag":[226],"esigenze":[1299,1291],"tipologie":[1331,1327,1319],"class_list":{"0":"post-6556","1":"product","2":"type-product","3":"status-publish","4":"has-post-thumbnail","6":"product_cat-linea-de-inyeccion-npb","7":"product_tag-jardineras","8":"esigenze-floricultura","9":"esigenze-garden-y-hobby","10":"tipologie-jardineras-de-plastico-por-inyeccion","11":"tipologie-cuencos-y-maceteros-de-plastico-por-inyeccion","12":"tipologie-macetas-para-floricultura","14":"first","15":"instock","16":"shipping-taxable","17":"purchasable","18":"product-type-variable"},"acf":[],"_links":{"self":[{"href":"https:\/\/www.pasquiniebini.com\/es\/wp-json\/wp\/v2\/product\/6556","targetHints":{"allow":["GET"]}}],"collection":[{"href":"https:\/\/www.pasquiniebini.com\/es\/wp-json\/wp\/v2\/product"}],"about":[{"href":"https:\/\/www.pasquiniebini.com\/es\/wp-json\/wp\/v2\/types\/product"}],"wp:featuredmedia":[{"embeddable":true,"href":"https:\/\/www.pasquiniebini.com\/es\/wp-json\/wp\/v2\/media\/36572"}],"wp:attachment":[{"href":"https:\/\/www.pasquiniebini.com\/es\/wp-json\/wp\/v2\/media?parent=6556"}],"wp:term":[{"taxonomy":"product_brand","embeddable":true,"href":"https:\/\/www.pasquiniebini.com\/es\/wp-json\/wp\/v2\/product_brand?post=6556"},{"taxonomy":"product_cat","embeddable":true,"href":"https:\/\/www.pasquiniebini.com\/es\/wp-json\/wp\/v2\/product_cat?post=6556"},{"taxonomy":"product_tag","embeddable":true,"href":"https:\/\/www.pasquiniebini.com\/es\/wp-json\/wp\/v2\/product_tag?post=6556"},{"taxonomy":"esigenze","embeddable":true,"href":"https:\/\/www.pasquiniebini.com\/es\/wp-json\/wp\/v2\/esigenze?post=6556"},{"taxonomy":"tipologie","embeddable":true,"href":"https:\/\/www.pasquiniebini.com\/es\/wp-json\/wp\/v2\/tipologie?post=6556"}],"curies":[{"name":"wp","href":"https:\/\/api.w.org\/{rel}","templated":true}]}}