{"id":6551,"date":"2016-09-13T17:11:52","date_gmt":"2016-09-13T17:11:52","guid":{"rendered":"https:\/\/www.pasquiniebini.com\/prodotti\/maceta-serie-larga\/"},"modified":"2023-03-01T17:00:17","modified_gmt":"2023-03-01T16:00:17","slug":"maceta-serie-larga","status":"publish","type":"product","link":"https:\/\/www.pasquiniebini.com\/es\/producto\/maceta-serie-larga\/","title":{"rendered":"Macera serie larga"},"content":{"rendered":"<p>Maceta dise\u00f1ada para el cultivo de rosas, con un excelente sistema de drenaje, es el\u00e1stica y resistente a los cambios bruscos de temperatura. Disponible en una gran variedad de colores, se puede personalizar bajo pedido. Tambi\u00e9n se utiliza con \u00e9xito para la producci\u00f3n de plantas frutales.<\/p>\n","protected":false},"excerpt":{"rendered":"<p>Maceta alargada con agujeros de drenaje en la parte inferior y en los laterales<\/p>\n","protected":false},"featured_media":36343,"template":"","meta":{"inline_featured_image":false},"product_brand":[],"product_cat":[181],"product_tag":[241],"esigenze":[1283,1299],"tipologie":[1347,1319],"class_list":{"0":"post-6551","1":"product","2":"type-product","3":"status-publish","4":"has-post-thumbnail","6":"product_cat-linea-de-inyeccion-npb","7":"product_tag-macetas-para-produccion","8":"esigenze-cultivos-especiales","9":"esigenze-floricultura","10":"tipologie-macetas-de-vivero","11":"tipologie-macetas-para-floricultura","13":"first","14":"instock","15":"shipping-taxable","16":"purchasable","17":"product-type-variable"},"acf":[],"_links":{"self":[{"href":"https:\/\/www.pasquiniebini.com\/es\/wp-json\/wp\/v2\/product\/6551","targetHints":{"allow":["GET"]}}],"collection":[{"href":"https:\/\/www.pasquiniebini.com\/es\/wp-json\/wp\/v2\/product"}],"about":[{"href":"https:\/\/www.pasquiniebini.com\/es\/wp-json\/wp\/v2\/types\/product"}],"wp:featuredmedia":[{"embeddable":true,"href":"https:\/\/www.pasquiniebini.com\/es\/wp-json\/wp\/v2\/media\/36343"}],"wp:attachment":[{"href":"https:\/\/www.pasquiniebini.com\/es\/wp-json\/wp\/v2\/media?parent=6551"}],"wp:term":[{"taxonomy":"product_brand","embeddable":true,"href":"https:\/\/www.pasquiniebini.com\/es\/wp-json\/wp\/v2\/product_brand?post=6551"},{"taxonomy":"product_cat","embeddable":true,"href":"https:\/\/www.pasquiniebini.com\/es\/wp-json\/wp\/v2\/product_cat?post=6551"},{"taxonomy":"product_tag","embeddable":true,"href":"https:\/\/www.pasquiniebini.com\/es\/wp-json\/wp\/v2\/product_tag?post=6551"},{"taxonomy":"esigenze","embeddable":true,"href":"https:\/\/www.pasquiniebini.com\/es\/wp-json\/wp\/v2\/esigenze?post=6551"},{"taxonomy":"tipologie","embeddable":true,"href":"https:\/\/www.pasquiniebini.com\/es\/wp-json\/wp\/v2\/tipologie?post=6551"}],"curies":[{"name":"wp","href":"https:\/\/api.w.org\/{rel}","templated":true}]}}