{"id":6549,"date":"2016-09-13T17:17:08","date_gmt":"2016-09-13T17:17:08","guid":{"rendered":"https:\/\/www.pasquiniebini.com\/prodotti\/maceta-para-palmas\/"},"modified":"2022-11-09T16:14:59","modified_gmt":"2022-11-09T15:14:59","slug":"maceta-para-palmas","status":"publish","type":"product","link":"https:\/\/www.pasquiniebini.com\/es\/producto\/maceta-para-palmas\/","title":{"rendered":"Maceta para palmas"},"content":{"rendered":"<p>Esta maceta dar\u00e1 excelentes resultados con el cultivo de palmeras, gracias al fondo dise\u00f1ado para favorecer el drenaje sin la formaci\u00f3n de estancamiento incluso despu\u00e9s de un riego abundante.<\/p>\n","protected":false},"excerpt":{"rendered":"<p>Maceta con fondo drenante<\/p>\n","protected":false},"featured_media":36422,"template":"","meta":{"inline_featured_image":false},"product_brand":[],"product_cat":[181],"product_tag":[241],"esigenze":[1283,1299],"tipologie":[1347,1319],"class_list":{"0":"post-6549","1":"product","2":"type-product","3":"status-publish","4":"has-post-thumbnail","6":"product_cat-linea-de-inyeccion-npb","7":"product_tag-macetas-para-produccion","8":"esigenze-cultivos-especiales","9":"esigenze-floricultura","10":"tipologie-macetas-de-vivero","11":"tipologie-macetas-para-floricultura","13":"first","14":"instock","15":"shipping-taxable","16":"product-type-simple"},"acf":[],"_links":{"self":[{"href":"https:\/\/www.pasquiniebini.com\/es\/wp-json\/wp\/v2\/product\/6549","targetHints":{"allow":["GET"]}}],"collection":[{"href":"https:\/\/www.pasquiniebini.com\/es\/wp-json\/wp\/v2\/product"}],"about":[{"href":"https:\/\/www.pasquiniebini.com\/es\/wp-json\/wp\/v2\/types\/product"}],"wp:featuredmedia":[{"embeddable":true,"href":"https:\/\/www.pasquiniebini.com\/es\/wp-json\/wp\/v2\/media\/36422"}],"wp:attachment":[{"href":"https:\/\/www.pasquiniebini.com\/es\/wp-json\/wp\/v2\/media?parent=6549"}],"wp:term":[{"taxonomy":"product_brand","embeddable":true,"href":"https:\/\/www.pasquiniebini.com\/es\/wp-json\/wp\/v2\/product_brand?post=6549"},{"taxonomy":"product_cat","embeddable":true,"href":"https:\/\/www.pasquiniebini.com\/es\/wp-json\/wp\/v2\/product_cat?post=6549"},{"taxonomy":"product_tag","embeddable":true,"href":"https:\/\/www.pasquiniebini.com\/es\/wp-json\/wp\/v2\/product_tag?post=6549"},{"taxonomy":"esigenze","embeddable":true,"href":"https:\/\/www.pasquiniebini.com\/es\/wp-json\/wp\/v2\/esigenze?post=6549"},{"taxonomy":"tipologie","embeddable":true,"href":"https:\/\/www.pasquiniebini.com\/es\/wp-json\/wp\/v2\/tipologie?post=6549"}],"curies":[{"name":"wp","href":"https:\/\/api.w.org\/{rel}","templated":true}]}}