{"id":6545,"date":"2016-09-13T10:55:47","date_gmt":"2016-09-13T10:55:47","guid":{"rendered":"https:\/\/www.pasquiniebini.com\/prodotti\/maceta-redonda-de-vivero\/"},"modified":"2024-03-11T11:37:21","modified_gmt":"2024-03-11T10:37:21","slug":"maceta-redonda-de-vivero","status":"publish","type":"product","link":"https:\/\/www.pasquiniebini.com\/es\/producto\/maceta-redonda-de-vivero\/","title":{"rendered":"Maceta redonda de vivero"},"content":{"rendered":"<p>Maceta alta negra, de polietileno regenerado posconsumo, con agujeros de drenaje laterales y\/o en la parte inferior. Las macetas de la l\u00ednea de vivero realizadas en PE regenerado son las \u00fanicas capaces de garantizar resistencia y solidez para largos ciclos de producci\u00f3n en campo abierto, incluso cuando est\u00e1n expuestas a eventos atmosf\u00e9ricos particularmente adversos. Bajo pedido, la maceta tambi\u00e9n est\u00e1 disponible en color terracota.<\/p>\n","protected":false},"excerpt":{"rendered":"<p>Maceta de vivero<\/p>\n<p>&nbsp;<\/p>\n<p><img decoding=\"async\" class=\"alignnone size-medium wp-image-54874\" src=\"https:\/\/www.pasquiniebini.com\/wp-content\/uploads\/2020\/01\/Disponibile-Linea-Infinity-ES-300x40.jpg\" alt=\"\" width=\"300\" height=\"40\" srcset=\"https:\/\/www.pasquiniebini.com\/wp-content\/uploads\/2020\/01\/Disponibile-Linea-Infinity-ES-300x40.jpg 300w, https:\/\/www.pasquiniebini.com\/wp-content\/uploads\/2020\/01\/Disponibile-Linea-Infinity-ES-1024x137.jpg 1024w, https:\/\/www.pasquiniebini.com\/wp-content\/uploads\/2020\/01\/Disponibile-Linea-Infinity-ES-150x20.jpg 150w, https:\/\/www.pasquiniebini.com\/wp-content\/uploads\/2020\/01\/Disponibile-Linea-Infinity-ES-768x102.jpg 768w, https:\/\/www.pasquiniebini.com\/wp-content\/uploads\/2020\/01\/Disponibile-Linea-Infinity-ES-600x80.jpg 600w, https:\/\/www.pasquiniebini.com\/wp-content\/uploads\/2020\/01\/Disponibile-Linea-Infinity-ES.jpg 1500w\" sizes=\"(max-width: 300px) 100vw, 300px\" \/><\/p>\n","protected":false},"featured_media":35708,"template":"","meta":{"inline_featured_image":false},"product_brand":[],"product_cat":[181],"product_tag":[241,244,243],"esigenze":[1281],"tipologie":[1347],"class_list":{"0":"post-6545","1":"product","2":"type-product","3":"status-publish","4":"has-post-thumbnail","6":"product_cat-linea-de-inyeccion-npb","7":"product_tag-macetas-para-produccion","8":"product_tag-macetas-para-viveros","9":"product_tag-macetas-redondas","10":"esigenze-vivero-y-cultivo","11":"tipologie-macetas-de-vivero","13":"first","14":"instock","15":"shipping-taxable","16":"product-type-simple"},"acf":[],"_links":{"self":[{"href":"https:\/\/www.pasquiniebini.com\/es\/wp-json\/wp\/v2\/product\/6545","targetHints":{"allow":["GET"]}}],"collection":[{"href":"https:\/\/www.pasquiniebini.com\/es\/wp-json\/wp\/v2\/product"}],"about":[{"href":"https:\/\/www.pasquiniebini.com\/es\/wp-json\/wp\/v2\/types\/product"}],"wp:featuredmedia":[{"embeddable":true,"href":"https:\/\/www.pasquiniebini.com\/es\/wp-json\/wp\/v2\/media\/35708"}],"wp:attachment":[{"href":"https:\/\/www.pasquiniebini.com\/es\/wp-json\/wp\/v2\/media?parent=6545"}],"wp:term":[{"taxonomy":"product_brand","embeddable":true,"href":"https:\/\/www.pasquiniebini.com\/es\/wp-json\/wp\/v2\/product_brand?post=6545"},{"taxonomy":"product_cat","embeddable":true,"href":"https:\/\/www.pasquiniebini.com\/es\/wp-json\/wp\/v2\/product_cat?post=6545"},{"taxonomy":"product_tag","embeddable":true,"href":"https:\/\/www.pasquiniebini.com\/es\/wp-json\/wp\/v2\/product_tag?post=6545"},{"taxonomy":"esigenze","embeddable":true,"href":"https:\/\/www.pasquiniebini.com\/es\/wp-json\/wp\/v2\/esigenze?post=6545"},{"taxonomy":"tipologie","embeddable":true,"href":"https:\/\/www.pasquiniebini.com\/es\/wp-json\/wp\/v2\/tipologie?post=6545"}],"curies":[{"name":"wp","href":"https:\/\/api.w.org\/{rel}","templated":true}]}}