{"id":6544,"date":"2016-09-13T14:20:04","date_gmt":"2016-09-13T14:20:04","guid":{"rendered":"https:\/\/www.pasquiniebini.com\/prodotti\/serra-invernadero\/"},"modified":"2022-11-09T15:21:29","modified_gmt":"2022-11-09T14:21:29","slug":"serra","status":"publish","type":"product","link":"https:\/\/www.pasquiniebini.com\/es\/producto\/serra\/","title":{"rendered":"Serra (Invernadero)"},"content":{"rendered":"<p>La v\u00e1lvula especial ubicada en el v\u00e9rtice sirve para regular y mantener la tasa de humedad dentro de este invernadero artificial. Este accesorio se puede utilizar con el art\u00edculo VE23 (serie Vega) y con el Q22 (serie Maceta Cuadrada). Producto muy utilizado para el cultivo de c\u00e1\u00f1amo.<\/p>\n","protected":false},"excerpt":{"rendered":"<p>Invernadero para plantas de polipropileno copol\u00edmero.<\/p>\n","protected":false},"featured_media":36081,"template":"","meta":{"inline_featured_image":false},"product_brand":[],"product_cat":[181],"product_tag":[227],"esigenze":[1287],"tipologie":[1335],"class_list":{"0":"post-6544","1":"product","2":"type-product","3":"status-publish","4":"has-post-thumbnail","6":"product_cat-linea-de-inyeccion-npb","7":"product_tag-cultivo-hidroponico-en-macetas","8":"esigenze-hidroponia","9":"tipologie-macetas-cuadradas","11":"first","12":"instock","13":"shipping-taxable","14":"product-type-simple"},"acf":[],"_links":{"self":[{"href":"https:\/\/www.pasquiniebini.com\/es\/wp-json\/wp\/v2\/product\/6544","targetHints":{"allow":["GET"]}}],"collection":[{"href":"https:\/\/www.pasquiniebini.com\/es\/wp-json\/wp\/v2\/product"}],"about":[{"href":"https:\/\/www.pasquiniebini.com\/es\/wp-json\/wp\/v2\/types\/product"}],"wp:featuredmedia":[{"embeddable":true,"href":"https:\/\/www.pasquiniebini.com\/es\/wp-json\/wp\/v2\/media\/36081"}],"wp:attachment":[{"href":"https:\/\/www.pasquiniebini.com\/es\/wp-json\/wp\/v2\/media?parent=6544"}],"wp:term":[{"taxonomy":"product_brand","embeddable":true,"href":"https:\/\/www.pasquiniebini.com\/es\/wp-json\/wp\/v2\/product_brand?post=6544"},{"taxonomy":"product_cat","embeddable":true,"href":"https:\/\/www.pasquiniebini.com\/es\/wp-json\/wp\/v2\/product_cat?post=6544"},{"taxonomy":"product_tag","embeddable":true,"href":"https:\/\/www.pasquiniebini.com\/es\/wp-json\/wp\/v2\/product_tag?post=6544"},{"taxonomy":"esigenze","embeddable":true,"href":"https:\/\/www.pasquiniebini.com\/es\/wp-json\/wp\/v2\/esigenze?post=6544"},{"taxonomy":"tipologie","embeddable":true,"href":"https:\/\/www.pasquiniebini.com\/es\/wp-json\/wp\/v2\/tipologie?post=6544"}],"curies":[{"name":"wp","href":"https:\/\/api.w.org\/{rel}","templated":true}]}}