{"id":6541,"date":"2016-09-13T16:20:04","date_gmt":"2016-09-13T15:20:04","guid":{"rendered":"https:\/\/www.pasquiniebini.com\/prodotti\/maceta-tap-pot\/"},"modified":"2017-06-20T11:49:57","modified_gmt":"2017-06-20T10:49:57","slug":"maceta-tap-pot","status":"publish","type":"product","link":"https:\/\/www.pasquiniebini.com\/es\/producto\/maceta-tap-pot\/","title":{"rendered":"MACETA TAP-POT"},"content":{"rendered":"<p>&nbsp;<\/p>\n<table border=\"1\" width=\"70%\" cellspacing=\"3\" cellpadding=\"6\" align=\"center\">\n<tbody>\n<tr>\n<td align=\"center\" valign=\"middle\" width=\"70\">\n<h5><strong>Art.<\/strong><\/h5>\n<\/td>\n<td align=\"center\" valign=\"middle\" width=\"86\">\n<h5><strong>\u00d8<\/strong><\/h5>\n<\/td>\n<td align=\"center\" valign=\"middle\" width=\"67\">\n<h5><strong>Altezza<\/strong><\/p>\n<p><strong> Height<\/strong><\/h5>\n<\/td>\n<td align=\"center\" valign=\"middle\" width=\"68\">\n<h5><strong>Fondo<\/strong><\/p>\n<p><strong> Bottom<\/strong><\/h5>\n<\/td>\n<td align=\"center\" valign=\"middle\" width=\"76\">\n<h5><strong>Supporto<\/strong><\/p>\n<p><strong> Support<\/strong><\/h5>\n<\/td>\n<td align=\"center\" valign=\"middle\" width=\"64\">\n<h5><strong>Litri<\/strong><\/p>\n<p><strong> Liter<\/strong><\/h5>\n<\/td>\n<td align=\"center\" valign=\"middle\" width=\"64\">\n<h5><strong>Pcs.<\/strong><\/p>\n<p><strong> x pallet<\/strong><\/h5>\n<\/td>\n<\/tr>\n<tr>\n<td align=\"center\" valign=\"middle\">\n<h5>C-30R<\/h5>\n<\/td>\n<td align=\"center\" valign=\"middle\">\n<h5>16,8 cm<\/h5>\n<\/td>\n<td align=\"center\" valign=\"middle\">\n<h5>31 cm<\/h5>\n<\/td>\n<td align=\"center\" valign=\"middle\">\n<h5>rete\/net<\/h5>\n<\/td>\n<td align=\"center\" valign=\"middle\">\n<h5>si\/yes<\/h5>\n<\/td>\n<td align=\"center\" valign=\"middle\">\n<h5>5<\/h5>\n<\/td>\n<td align=\"center\" valign=\"middle\">\n<h5>1260<\/h5>\n<\/td>\n<\/tr>\n<tr>\n<td align=\"center\" valign=\"middle\">\n<h5>C-37<\/h5>\n<\/td>\n<td align=\"center\" valign=\"middle\">\n<h5>16,8 cm<\/h5>\n<\/td>\n<td align=\"center\" valign=\"middle\">\n<h5>37 cm<\/h5>\n<\/td>\n<td align=\"center\" valign=\"middle\">\n<h5>chiuso\/closed<\/h5>\n<\/td>\n<td align=\"center\" valign=\"middle\">\n<h5>si\/yes<\/h5>\n<\/td>\n<td align=\"center\" valign=\"middle\">\n<h5>6<\/h5>\n<\/td>\n<td align=\"center\" valign=\"middle\">\n<h5>1260<\/h5>\n<\/td>\n<\/tr>\n<tr>\n<td align=\"center\" valign=\"middle\">\n<h5>C-37R<\/h5>\n<\/td>\n<td align=\"center\" valign=\"middle\">\n<h5>16,8 cm<\/h5>\n<\/td>\n<td align=\"center\" valign=\"middle\">\n<h5>37 cm<\/h5>\n<\/td>\n<td align=\"center\" valign=\"middle\">\n<h5>rete\/net<\/h5>\n<\/td>\n<td align=\"center\" valign=\"middle\">\n<h5>si\/yes<\/h5>\n<\/td>\n<td align=\"center\" valign=\"middle\">\n<h5>6<\/h5>\n<\/td>\n<td align=\"center\" valign=\"middle\">\n<h5>1260<\/h5>\n<\/td>\n<\/tr>\n<tr>\n<td align=\"center\" valign=\"middle\">\n<h5>C-41<\/h5>\n<\/td>\n<td align=\"center\" valign=\"middle\">\n<h5>16,8 cm<\/h5>\n<\/td>\n<td align=\"center\" valign=\"middle\">\n<h5>41 cm<\/h5>\n<\/td>\n<td align=\"center\" valign=\"middle\">\n<h5>chiuso\/closed<\/h5>\n<\/td>\n<td align=\"center\" valign=\"middle\">\n<h5>si\/yes<\/h5>\n<\/td>\n<td align=\"center\" valign=\"middle\">\n<h5>7<\/h5>\n<\/td>\n<td align=\"center\" valign=\"middle\">\n<h5>1260<\/h5>\n<\/td>\n<\/tr>\n<tr>\n<td align=\"center\" valign=\"middle\">\n<h5>C-41R<\/h5>\n<\/td>\n<td align=\"center\" valign=\"middle\">\n<h5>16,8 cm<\/h5>\n<\/td>\n<td align=\"center\" valign=\"middle\">\n<h5>41 cm<\/h5>\n<\/td>\n<td align=\"center\" valign=\"middle\">\n<h5>rete\/net<\/h5>\n<\/td>\n<td align=\"center\" valign=\"middle\">\n<h5>si\/yes<\/h5>\n<\/td>\n<td align=\"center\" valign=\"middle\">\n<h5>7<\/h5>\n<\/td>\n<td align=\"center\" valign=\"middle\">\n<h5>1260<\/h5>\n<\/td>\n<\/tr>\n<\/tbody>\n<\/table>\n<p>&nbsp;<\/p>\n<p>&nbsp;<\/p>\n<p>&nbsp;<\/p>\n<h4 style=\"text-align: center;\">Supporto Tap-pot Supports<\/h4>\n<p>&nbsp;<\/p>\n<table border=\"1\" width=\"70%\" cellspacing=\"3\" cellpadding=\"6\" align=\"center\">\n<tbody>\n<tr>\n<td align=\"center\" valign=\"middle\" width=\"70\">\n<h5><strong>Art.<\/strong><\/h5>\n<\/td>\n<td align=\"center\" valign=\"middle\" width=\"86\">\n<h5><strong>Vaso<\/strong><\/p>\n<p><strong> Pot<\/strong><\/h5>\n<\/td>\n<td align=\"center\" valign=\"middle\" width=\"67\">\n<h5><strong>Lunghezza<\/strong><\/p>\n<p><strong> Lenght<\/strong><\/h5>\n<\/td>\n<td align=\"center\" valign=\"middle\" width=\"68\">\n<h5><strong>Larghezza<\/strong><\/p>\n<p><strong> Width<\/strong><\/h5>\n<\/td>\n<td align=\"center\" valign=\"middle\" width=\"76\">\n<h5><strong>Fori<\/strong><\/p>\n<p><strong> Holes<\/strong><\/h5>\n<\/td>\n<td align=\"center\" valign=\"middle\" width=\"64\">\n<h5><strong>Pcs.<\/strong><\/p>\n<p><strong> x pallet<\/strong><\/h5>\n<\/td>\n<\/tr>\n<tr>\n<td align=\"center\" valign=\"middle\">\n<h5>Sp-5-G<\/h5>\n<\/td>\n<td align=\"center\" valign=\"middle\">\n<h5>C-30 C-37 C-41<\/h5>\n<\/td>\n<td align=\"center\" valign=\"middle\">\n<h5>50 cm<\/h5>\n<\/td>\n<td align=\"center\" valign=\"middle\">\n<h5>30<\/h5>\n<\/td>\n<td align=\"center\" valign=\"middle\">\n<h5>5<\/h5>\n<\/td>\n<td align=\"center\" valign=\"middle\">\n<h5>400<\/h5>\n<\/td>\n<\/tr>\n<\/tbody>\n<\/table>\n<p>&nbsp;<\/p>\n<p>&nbsp;<\/p>\n<p>&nbsp;<\/p>\n<p>&nbsp;<\/p>\n<p>&nbsp;<\/p>\n","protected":false},"excerpt":{"rendered":"<p>La maceta patentada TAP-POT est\u00e1 proyectada para plantas con ra\u00edces pivotantes y es particularmente recomendada para los \u00e1rboles frutales. El sistema de nervaduras internas y los orificios previstos para un drenaje r\u00e1pido impiden que la ra\u00edz se tuerza y se espiralice. Adem\u00e1s, la altura de la maceta (significativa en relaci\u00f3n con el volumen) permite ahorrar sustrato.<br \/>\nLos soportes para el TAP-POT est\u00e1n proyectados para separar los contenedores del suelo y evitar as\u00ed problemas de humedad y desarrollo de organismos nocivos. Garantizan estabilidad en caso de viento y m\u00e1ximo aprovechamiento de la superficie. Los soportes son apilables cuando est\u00e1n vac\u00edos.<\/p>\n","protected":false},"featured_media":4538,"template":"","meta":{"inline_featured_image":false},"product_brand":[],"product_cat":[183],"product_tag":[241],"esigenze":[],"tipologie":[],"class_list":{"0":"post-6541","1":"product","2":"type-product","3":"status-publish","4":"has-post-thumbnail","6":"product_cat-cultivo","7":"product_tag-macetas-para-produccion","9":"first","10":"instock","11":"shipping-taxable","12":"product-type-simple"},"acf":[],"_links":{"self":[{"href":"https:\/\/www.pasquiniebini.com\/es\/wp-json\/wp\/v2\/product\/6541","targetHints":{"allow":["GET"]}}],"collection":[{"href":"https:\/\/www.pasquiniebini.com\/es\/wp-json\/wp\/v2\/product"}],"about":[{"href":"https:\/\/www.pasquiniebini.com\/es\/wp-json\/wp\/v2\/types\/product"}],"wp:featuredmedia":[{"embeddable":true,"href":"https:\/\/www.pasquiniebini.com\/es\/wp-json\/wp\/v2\/media\/4538"}],"wp:attachment":[{"href":"https:\/\/www.pasquiniebini.com\/es\/wp-json\/wp\/v2\/media?parent=6541"}],"wp:term":[{"taxonomy":"product_brand","embeddable":true,"href":"https:\/\/www.pasquiniebini.com\/es\/wp-json\/wp\/v2\/product_brand?post=6541"},{"taxonomy":"product_cat","embeddable":true,"href":"https:\/\/www.pasquiniebini.com\/es\/wp-json\/wp\/v2\/product_cat?post=6541"},{"taxonomy":"product_tag","embeddable":true,"href":"https:\/\/www.pasquiniebini.com\/es\/wp-json\/wp\/v2\/product_tag?post=6541"},{"taxonomy":"esigenze","embeddable":true,"href":"https:\/\/www.pasquiniebini.com\/es\/wp-json\/wp\/v2\/esigenze?post=6541"},{"taxonomy":"tipologie","embeddable":true,"href":"https:\/\/www.pasquiniebini.com\/es\/wp-json\/wp\/v2\/tipologie?post=6541"}],"curies":[{"name":"wp","href":"https:\/\/api.w.org\/{rel}","templated":true}]}}