{"id":6540,"date":"2016-09-13T10:18:54","date_gmt":"2016-09-13T10:18:54","guid":{"rendered":"https:\/\/www.pasquiniebini.com\/prodotti\/varia-2\/"},"modified":"2022-09-30T11:10:35","modified_gmt":"2022-09-30T10:10:35","slug":"varia","status":"publish","type":"product","link":"https:\/\/www.pasquiniebini.com\/es\/producto\/varia\/","title":{"rendered":"Varia"},"content":{"rendered":"<p>Varia es el contenedor ideal para el cultivo de plantas grandes: la mejor alternativa a la producci\u00f3n en campo abierto. La estructura de la pared est\u00e1 formada por ranuras perforadas que se extienden por todo el fondo de la maceta. Este dise\u00f1o ha sido estudiado espec\u00edficamente para mantener un nivel constante y \u00f3ptimo de ox\u00edgeno en el sistema radicular de la planta; por otro lado, los bordes y las ranuras bloquean la fuerza expansiva de las ra\u00edces y contribuyen a potenciar el crecimiento del tallo. El crecimiento de las ra\u00edces es radial y uniforme en la maceta, mucho m\u00e1s r\u00e1pido, gracias a la misma disposici\u00f3n de los agujeros que inhiben el proceso de espiralizaci\u00f3n. Este \u00faltimo efecto limita los trasplantes fallidos y garantiza plantas estables y sanas una vez plantadas. Los orificios de drenaje y los muelles colocados en el fondo de la maceta favorecen la expulsi\u00f3n del exceso de agua y evitan la formaci\u00f3n de podredumbre, primera causa de la formaci\u00f3n de ambientes insalubres y la consiguiente muerte de las plantas. Las paredes reforzadas lo convierten en un contenedor capaz de soportar los m\u00e1s dispares esfuerzos: las cargas, los desplazamientos y el apilamiento no son capaces de deformar su estructura. Varia exige una correcta utilizaci\u00f3n del sustrato, ya que el paso del ox\u00edgeno se produce a trav\u00e9s del propio sustrato, haciendo que el uso de la fibra de coco sea imprescindible.<\/p>\n","protected":false},"excerpt":{"rendered":"<p>Cubeta con dise\u00f1o antiespiralizaci\u00f3n.<\/p>\n","protected":false},"featured_media":35791,"template":"","meta":{"inline_featured_image":false},"product_brand":[],"product_cat":[181],"product_tag":[228,227,234,241,244],"esigenze":[1281],"tipologie":[1339,1343,1347],"class_list":{"0":"post-6540","1":"product","2":"type-product","3":"status-publish","4":"has-post-thumbnail","6":"product_cat-linea-de-inyeccion-npb","7":"product_tag-cubetas-de-plastico-para-viveros","8":"product_tag-cultivo-hidroponico-en-macetas","9":"product_tag-macetas-antiespiralizacion","10":"product_tag-macetas-para-produccion","11":"product_tag-macetas-para-viveros","12":"esigenze-vivero-y-cultivo","13":"tipologie-cubetas","14":"tipologie-macetas-antiespiralizacion","15":"tipologie-macetas-de-vivero","17":"first","18":"instock","19":"shipping-taxable","20":"product-type-simple"},"acf":[],"_links":{"self":[{"href":"https:\/\/www.pasquiniebini.com\/es\/wp-json\/wp\/v2\/product\/6540","targetHints":{"allow":["GET"]}}],"collection":[{"href":"https:\/\/www.pasquiniebini.com\/es\/wp-json\/wp\/v2\/product"}],"about":[{"href":"https:\/\/www.pasquiniebini.com\/es\/wp-json\/wp\/v2\/types\/product"}],"wp:featuredmedia":[{"embeddable":true,"href":"https:\/\/www.pasquiniebini.com\/es\/wp-json\/wp\/v2\/media\/35791"}],"wp:attachment":[{"href":"https:\/\/www.pasquiniebini.com\/es\/wp-json\/wp\/v2\/media?parent=6540"}],"wp:term":[{"taxonomy":"product_brand","embeddable":true,"href":"https:\/\/www.pasquiniebini.com\/es\/wp-json\/wp\/v2\/product_brand?post=6540"},{"taxonomy":"product_cat","embeddable":true,"href":"https:\/\/www.pasquiniebini.com\/es\/wp-json\/wp\/v2\/product_cat?post=6540"},{"taxonomy":"product_tag","embeddable":true,"href":"https:\/\/www.pasquiniebini.com\/es\/wp-json\/wp\/v2\/product_tag?post=6540"},{"taxonomy":"esigenze","embeddable":true,"href":"https:\/\/www.pasquiniebini.com\/es\/wp-json\/wp\/v2\/esigenze?post=6540"},{"taxonomy":"tipologie","embeddable":true,"href":"https:\/\/www.pasquiniebini.com\/es\/wp-json\/wp\/v2\/tipologie?post=6540"}],"curies":[{"name":"wp","href":"https:\/\/api.w.org\/{rel}","templated":true}]}}