{"id":6539,"date":"2016-09-13T16:09:17","date_gmt":"2016-09-13T15:09:17","guid":{"rendered":"https:\/\/www.pasquiniebini.com\/prodotti\/super-vega-2\/"},"modified":"2022-10-02T23:20:51","modified_gmt":"2022-10-02T22:20:51","slug":"super-vega","status":"publish","type":"product","link":"https:\/\/www.pasquiniebini.com\/es\/producto\/super-vega\/","title":{"rendered":"Super-Vega"},"content":{"rendered":"<p>Una maceta que surge del \u00e9xito de la colecci\u00f3n VEGA con el objetivo de desarrollar y fortalecer el sistema radicular de la planta. Las nervaduras laterales con agujeros favorecen la correcta radicalizaci\u00f3n de arriba a abajo. El fondo, dotado de una hendidura troncoc\u00f3nica con numerosas aberturas, permite un intercambio continuo de agua y ox\u00edgeno, recreando el h\u00e1bitat perfecto para el cultivo de plantas. Este tipo de fondo tambi\u00e9n permite una mayor penetraci\u00f3n de la luz. Recomendado para cultivo hidrop\u00f3nico.<\/p>\n","protected":false},"excerpt":{"rendered":"<p>Maceta cuadrada antiespiralizaci\u00f3n con numerosos agujeros para el drenaje y oxigenaci\u00f3n de la planta.<\/p>\n","protected":false},"featured_media":36124,"template":"","meta":{"inline_featured_image":false},"product_brand":[],"product_cat":[181],"product_tag":[419,227,234,242,244],"esigenze":[1283,1287,1281],"tipologie":[1343,1335],"class_list":{"0":"post-6539","1":"product","2":"type-product","3":"status-publish","4":"has-post-thumbnail","6":"product_cat-linea-de-inyeccion-npb","7":"product_tag-arandano","8":"product_tag-cultivo-hidroponico-en-macetas","9":"product_tag-macetas-antiespiralizacion","10":"product_tag-macetas-cuadradas","11":"product_tag-macetas-para-viveros","12":"esigenze-cultivos-especiales","13":"esigenze-hidroponia","14":"esigenze-vivero-y-cultivo","15":"tipologie-macetas-antiespiralizacion","16":"tipologie-macetas-cuadradas","18":"first","19":"instock","20":"shipping-taxable","21":"product-type-simple"},"acf":[],"_links":{"self":[{"href":"https:\/\/www.pasquiniebini.com\/es\/wp-json\/wp\/v2\/product\/6539","targetHints":{"allow":["GET"]}}],"collection":[{"href":"https:\/\/www.pasquiniebini.com\/es\/wp-json\/wp\/v2\/product"}],"about":[{"href":"https:\/\/www.pasquiniebini.com\/es\/wp-json\/wp\/v2\/types\/product"}],"wp:featuredmedia":[{"embeddable":true,"href":"https:\/\/www.pasquiniebini.com\/es\/wp-json\/wp\/v2\/media\/36124"}],"wp:attachment":[{"href":"https:\/\/www.pasquiniebini.com\/es\/wp-json\/wp\/v2\/media?parent=6539"}],"wp:term":[{"taxonomy":"product_brand","embeddable":true,"href":"https:\/\/www.pasquiniebini.com\/es\/wp-json\/wp\/v2\/product_brand?post=6539"},{"taxonomy":"product_cat","embeddable":true,"href":"https:\/\/www.pasquiniebini.com\/es\/wp-json\/wp\/v2\/product_cat?post=6539"},{"taxonomy":"product_tag","embeddable":true,"href":"https:\/\/www.pasquiniebini.com\/es\/wp-json\/wp\/v2\/product_tag?post=6539"},{"taxonomy":"esigenze","embeddable":true,"href":"https:\/\/www.pasquiniebini.com\/es\/wp-json\/wp\/v2\/esigenze?post=6539"},{"taxonomy":"tipologie","embeddable":true,"href":"https:\/\/www.pasquiniebini.com\/es\/wp-json\/wp\/v2\/tipologie?post=6539"}],"curies":[{"name":"wp","href":"https:\/\/api.w.org\/{rel}","templated":true}]}}