{"id":6538,"date":"2016-09-13T10:37:02","date_gmt":"2016-09-13T09:37:02","guid":{"rendered":"https:\/\/www.pasquiniebini.com\/prodotti\/super-ercole-quadro-2\/"},"modified":"2022-10-11T15:51:55","modified_gmt":"2022-10-11T14:51:55","slug":"super-ercole-quadrada","status":"publish","type":"product","link":"https:\/\/www.pasquiniebini.com\/es\/producto\/super-ercole-quadrada\/","title":{"rendered":"Super ercole quadrada"},"content":{"rendered":"<p>El concepto de la maceta Super-Ercole aplicado a la maceta cuadrada para un producto revolucionario. El fondo de la maceta, particularmente innovador, tiene una hendidura en forma de tronco de cono que, a trav\u00e9s de las numerosas aberturas, permite un excelente drenaje y una mejor oxigenaci\u00f3n del sistema radicular. Utilizado con gran \u00e9xito en hidropon\u00eda.<\/p>\n","protected":false},"excerpt":{"rendered":"<p>Maceta cuadrada antiespiralizaci\u00f3n<\/p>\n","protected":false},"featured_media":35905,"template":"","meta":{"inline_featured_image":false},"product_brand":[],"product_cat":[181],"product_tag":[419,227,234,242,244],"esigenze":[1287,1281],"tipologie":[1343,1347,1335],"class_list":{"0":"post-6538","1":"product","2":"type-product","3":"status-publish","4":"has-post-thumbnail","6":"product_cat-linea-de-inyeccion-npb","7":"product_tag-arandano","8":"product_tag-cultivo-hidroponico-en-macetas","9":"product_tag-macetas-antiespiralizacion","10":"product_tag-macetas-cuadradas","11":"product_tag-macetas-para-viveros","12":"esigenze-hidroponia","13":"esigenze-vivero-y-cultivo","14":"tipologie-macetas-antiespiralizacion","15":"tipologie-macetas-de-vivero","16":"tipologie-macetas-cuadradas","18":"first","19":"instock","20":"shipping-taxable","21":"product-type-simple"},"acf":[],"_links":{"self":[{"href":"https:\/\/www.pasquiniebini.com\/es\/wp-json\/wp\/v2\/product\/6538","targetHints":{"allow":["GET"]}}],"collection":[{"href":"https:\/\/www.pasquiniebini.com\/es\/wp-json\/wp\/v2\/product"}],"about":[{"href":"https:\/\/www.pasquiniebini.com\/es\/wp-json\/wp\/v2\/types\/product"}],"wp:featuredmedia":[{"embeddable":true,"href":"https:\/\/www.pasquiniebini.com\/es\/wp-json\/wp\/v2\/media\/35905"}],"wp:attachment":[{"href":"https:\/\/www.pasquiniebini.com\/es\/wp-json\/wp\/v2\/media?parent=6538"}],"wp:term":[{"taxonomy":"product_brand","embeddable":true,"href":"https:\/\/www.pasquiniebini.com\/es\/wp-json\/wp\/v2\/product_brand?post=6538"},{"taxonomy":"product_cat","embeddable":true,"href":"https:\/\/www.pasquiniebini.com\/es\/wp-json\/wp\/v2\/product_cat?post=6538"},{"taxonomy":"product_tag","embeddable":true,"href":"https:\/\/www.pasquiniebini.com\/es\/wp-json\/wp\/v2\/product_tag?post=6538"},{"taxonomy":"esigenze","embeddable":true,"href":"https:\/\/www.pasquiniebini.com\/es\/wp-json\/wp\/v2\/esigenze?post=6538"},{"taxonomy":"tipologie","embeddable":true,"href":"https:\/\/www.pasquiniebini.com\/es\/wp-json\/wp\/v2\/tipologie?post=6538"}],"curies":[{"name":"wp","href":"https:\/\/api.w.org\/{rel}","templated":true}]}}