{"id":6537,"date":"2016-09-13T10:34:36","date_gmt":"2016-09-13T09:34:36","guid":{"rendered":"https:\/\/www.pasquiniebini.com\/prodotti\/super-ercole-2\/"},"modified":"2024-03-11T11:39:22","modified_gmt":"2024-03-11T10:39:22","slug":"super-ercole","status":"publish","type":"product","link":"https:\/\/www.pasquiniebini.com\/es\/producto\/super-ercole\/","title":{"rendered":"Super Ercole"},"content":{"rendered":"<p>Gracias al \u00e9xito de la maceta Ercole y la colaboraci\u00f3n con algunos clientes, esta es la nueva maceta con fondo de malla. Con este sistema, las ra\u00edces, ya orientadas hacia el suelo por la estructura de la maceta Ercole, tienen una mayor oxigenaci\u00f3n. Los agujeros, presentes en la parte inferior del borde (no presentes en la maceta Ercole), aumentan la acci\u00f3n antiespiralizaci\u00f3n. Super-Ercole es la maceta ideal para cultivar c\u00e1\u00f1amo.<\/p>\n","protected":false},"excerpt":{"rendered":"<p>Maceta antiespiralizaci\u00f3n perfecta para el cultivo hidrop\u00f3nico<\/p>\n<p>&nbsp;<\/p>\n<p><img decoding=\"async\" class=\"alignnone size-medium wp-image-54874\" src=\"https:\/\/www.pasquiniebini.com\/wp-content\/uploads\/2020\/01\/Disponibile-Linea-Infinity-ES-300x40.jpg\" alt=\"\" width=\"300\" height=\"40\" srcset=\"https:\/\/www.pasquiniebini.com\/wp-content\/uploads\/2020\/01\/Disponibile-Linea-Infinity-ES-300x40.jpg 300w, https:\/\/www.pasquiniebini.com\/wp-content\/uploads\/2020\/01\/Disponibile-Linea-Infinity-ES-1024x137.jpg 1024w, https:\/\/www.pasquiniebini.com\/wp-content\/uploads\/2020\/01\/Disponibile-Linea-Infinity-ES-150x20.jpg 150w, https:\/\/www.pasquiniebini.com\/wp-content\/uploads\/2020\/01\/Disponibile-Linea-Infinity-ES-768x102.jpg 768w, https:\/\/www.pasquiniebini.com\/wp-content\/uploads\/2020\/01\/Disponibile-Linea-Infinity-ES-600x80.jpg 600w, https:\/\/www.pasquiniebini.com\/wp-content\/uploads\/2020\/01\/Disponibile-Linea-Infinity-ES.jpg 1500w\" sizes=\"(max-width: 300px) 100vw, 300px\" \/><\/p>\n","protected":false},"featured_media":41410,"template":"","meta":{"inline_featured_image":false},"product_brand":[],"product_cat":[181],"product_tag":[419,227,234,244],"esigenze":[1287,1281],"tipologie":[1343,1347],"class_list":{"0":"post-6537","1":"product","2":"type-product","3":"status-publish","4":"has-post-thumbnail","6":"product_cat-linea-de-inyeccion-npb","7":"product_tag-arandano","8":"product_tag-cultivo-hidroponico-en-macetas","9":"product_tag-macetas-antiespiralizacion","10":"product_tag-macetas-para-viveros","11":"esigenze-hidroponia","12":"esigenze-vivero-y-cultivo","13":"tipologie-macetas-antiespiralizacion","14":"tipologie-macetas-de-vivero","16":"first","17":"instock","18":"shipping-taxable","19":"product-type-simple"},"acf":[],"_links":{"self":[{"href":"https:\/\/www.pasquiniebini.com\/es\/wp-json\/wp\/v2\/product\/6537","targetHints":{"allow":["GET"]}}],"collection":[{"href":"https:\/\/www.pasquiniebini.com\/es\/wp-json\/wp\/v2\/product"}],"about":[{"href":"https:\/\/www.pasquiniebini.com\/es\/wp-json\/wp\/v2\/types\/product"}],"wp:featuredmedia":[{"embeddable":true,"href":"https:\/\/www.pasquiniebini.com\/es\/wp-json\/wp\/v2\/media\/41410"}],"wp:attachment":[{"href":"https:\/\/www.pasquiniebini.com\/es\/wp-json\/wp\/v2\/media?parent=6537"}],"wp:term":[{"taxonomy":"product_brand","embeddable":true,"href":"https:\/\/www.pasquiniebini.com\/es\/wp-json\/wp\/v2\/product_brand?post=6537"},{"taxonomy":"product_cat","embeddable":true,"href":"https:\/\/www.pasquiniebini.com\/es\/wp-json\/wp\/v2\/product_cat?post=6537"},{"taxonomy":"product_tag","embeddable":true,"href":"https:\/\/www.pasquiniebini.com\/es\/wp-json\/wp\/v2\/product_tag?post=6537"},{"taxonomy":"esigenze","embeddable":true,"href":"https:\/\/www.pasquiniebini.com\/es\/wp-json\/wp\/v2\/esigenze?post=6537"},{"taxonomy":"tipologie","embeddable":true,"href":"https:\/\/www.pasquiniebini.com\/es\/wp-json\/wp\/v2\/tipologie?post=6537"}],"curies":[{"name":"wp","href":"https:\/\/api.w.org\/{rel}","templated":true}]}}