{"id":6536,"date":"2016-09-13T14:05:52","date_gmt":"2016-09-13T14:05:52","guid":{"rendered":"https:\/\/www.pasquiniebini.com\/prodotti\/perseo-2\/"},"modified":"2022-10-02T23:08:58","modified_gmt":"2022-10-02T22:08:58","slug":"perseo","status":"publish","type":"product","link":"https:\/\/www.pasquiniebini.com\/es\/producto\/perseo\/","title":{"rendered":"Perseo"},"content":{"rendered":"<p>Perseo es una maceta dise\u00f1ada para el cultivo sin suelo en campo abierto. Es un producto de estructura robusta, elaborado con materias primas de alta calidad y colorantes estabilizados a los rayos UV, apto tambi\u00e9n para largos ciclos productivos y para plantas expuestas incluso a los agentes atmosf\u00e9ricos m\u00e1s adversos durante mucho tiempo.<\/p>\n","protected":false},"excerpt":{"rendered":"<p>Maceta para floricultura producida en polietileno de alta densidad.<\/p>\n","protected":false},"featured_media":36011,"template":"","meta":{"inline_featured_image":false},"product_brand":[],"product_cat":[181],"product_tag":[241,244,243],"esigenze":[1299,1281],"tipologie":[1347,1319],"class_list":{"0":"post-6536","1":"product","2":"type-product","3":"status-publish","4":"has-post-thumbnail","6":"product_cat-linea-de-inyeccion-npb","7":"product_tag-macetas-para-produccion","8":"product_tag-macetas-para-viveros","9":"product_tag-macetas-redondas","10":"esigenze-floricultura","11":"esigenze-vivero-y-cultivo","12":"tipologie-macetas-de-vivero","13":"tipologie-macetas-para-floricultura","15":"first","16":"instock","17":"shipping-taxable","18":"product-type-simple"},"acf":[],"_links":{"self":[{"href":"https:\/\/www.pasquiniebini.com\/es\/wp-json\/wp\/v2\/product\/6536","targetHints":{"allow":["GET"]}}],"collection":[{"href":"https:\/\/www.pasquiniebini.com\/es\/wp-json\/wp\/v2\/product"}],"about":[{"href":"https:\/\/www.pasquiniebini.com\/es\/wp-json\/wp\/v2\/types\/product"}],"wp:featuredmedia":[{"embeddable":true,"href":"https:\/\/www.pasquiniebini.com\/es\/wp-json\/wp\/v2\/media\/36011"}],"wp:attachment":[{"href":"https:\/\/www.pasquiniebini.com\/es\/wp-json\/wp\/v2\/media?parent=6536"}],"wp:term":[{"taxonomy":"product_brand","embeddable":true,"href":"https:\/\/www.pasquiniebini.com\/es\/wp-json\/wp\/v2\/product_brand?post=6536"},{"taxonomy":"product_cat","embeddable":true,"href":"https:\/\/www.pasquiniebini.com\/es\/wp-json\/wp\/v2\/product_cat?post=6536"},{"taxonomy":"product_tag","embeddable":true,"href":"https:\/\/www.pasquiniebini.com\/es\/wp-json\/wp\/v2\/product_tag?post=6536"},{"taxonomy":"esigenze","embeddable":true,"href":"https:\/\/www.pasquiniebini.com\/es\/wp-json\/wp\/v2\/esigenze?post=6536"},{"taxonomy":"tipologie","embeddable":true,"href":"https:\/\/www.pasquiniebini.com\/es\/wp-json\/wp\/v2\/tipologie?post=6536"}],"curies":[{"name":"wp","href":"https:\/\/api.w.org\/{rel}","templated":true}]}}