{"id":6532,"date":"2016-09-13T13:46:14","date_gmt":"2016-09-13T12:46:14","guid":{"rendered":"https:\/\/www.pasquiniebini.com\/prodotti\/cubeta-con-asas\/"},"modified":"2024-03-11T11:36:36","modified_gmt":"2024-03-11T10:36:36","slug":"cubetas-con-asas","status":"publish","type":"product","link":"https:\/\/www.pasquiniebini.com\/es\/producto\/cubetas-con-asas\/","title":{"rendered":"Cubetas con asas"},"content":{"rendered":"<p>Cubetas de vivero de polietileno negro regenerado posconsumo, dotadas de asas laterales para una f\u00e1cil manipulaci\u00f3n. La cubeta negra es altamente resistente al estr\u00e9s del vivero y a la exposici\u00f3n prolongada a fen\u00f3menos atmosf\u00e9ricos, incluso a los m\u00e1s extremos.<\/p>\n","protected":false},"excerpt":{"rendered":"<p>Cubeta de vivero con asas laterales<\/p>\n<p>&nbsp;<\/p>\n<p><img decoding=\"async\" class=\"alignnone size-medium wp-image-54874\" src=\"https:\/\/www.pasquiniebini.com\/wp-content\/uploads\/2020\/01\/Disponibile-Linea-Infinity-ES-300x40.jpg\" alt=\"\" width=\"300\" height=\"40\" srcset=\"https:\/\/www.pasquiniebini.com\/wp-content\/uploads\/2020\/01\/Disponibile-Linea-Infinity-ES-300x40.jpg 300w, https:\/\/www.pasquiniebini.com\/wp-content\/uploads\/2020\/01\/Disponibile-Linea-Infinity-ES-1024x137.jpg 1024w, https:\/\/www.pasquiniebini.com\/wp-content\/uploads\/2020\/01\/Disponibile-Linea-Infinity-ES-150x20.jpg 150w, https:\/\/www.pasquiniebini.com\/wp-content\/uploads\/2020\/01\/Disponibile-Linea-Infinity-ES-768x102.jpg 768w, https:\/\/www.pasquiniebini.com\/wp-content\/uploads\/2020\/01\/Disponibile-Linea-Infinity-ES-600x80.jpg 600w, https:\/\/www.pasquiniebini.com\/wp-content\/uploads\/2020\/01\/Disponibile-Linea-Infinity-ES.jpg 1500w\" sizes=\"(max-width: 300px) 100vw, 300px\" \/><\/p>\n","protected":false},"featured_media":35937,"template":"","meta":{"inline_featured_image":false},"product_brand":[],"product_cat":[181],"product_tag":[419,228],"esigenze":[1281],"tipologie":[1339,1347],"class_list":{"0":"post-6532","1":"product","2":"type-product","3":"status-publish","4":"has-post-thumbnail","6":"product_cat-linea-de-inyeccion-npb","7":"product_tag-arandano","8":"product_tag-cubetas-de-plastico-para-viveros","9":"esigenze-vivero-y-cultivo","10":"tipologie-cubetas","11":"tipologie-macetas-de-vivero","13":"first","14":"instock","15":"shipping-taxable","16":"product-type-simple"},"acf":[],"_links":{"self":[{"href":"https:\/\/www.pasquiniebini.com\/es\/wp-json\/wp\/v2\/product\/6532","targetHints":{"allow":["GET"]}}],"collection":[{"href":"https:\/\/www.pasquiniebini.com\/es\/wp-json\/wp\/v2\/product"}],"about":[{"href":"https:\/\/www.pasquiniebini.com\/es\/wp-json\/wp\/v2\/types\/product"}],"wp:featuredmedia":[{"embeddable":true,"href":"https:\/\/www.pasquiniebini.com\/es\/wp-json\/wp\/v2\/media\/35937"}],"wp:attachment":[{"href":"https:\/\/www.pasquiniebini.com\/es\/wp-json\/wp\/v2\/media?parent=6532"}],"wp:term":[{"taxonomy":"product_brand","embeddable":true,"href":"https:\/\/www.pasquiniebini.com\/es\/wp-json\/wp\/v2\/product_brand?post=6532"},{"taxonomy":"product_cat","embeddable":true,"href":"https:\/\/www.pasquiniebini.com\/es\/wp-json\/wp\/v2\/product_cat?post=6532"},{"taxonomy":"product_tag","embeddable":true,"href":"https:\/\/www.pasquiniebini.com\/es\/wp-json\/wp\/v2\/product_tag?post=6532"},{"taxonomy":"esigenze","embeddable":true,"href":"https:\/\/www.pasquiniebini.com\/es\/wp-json\/wp\/v2\/esigenze?post=6532"},{"taxonomy":"tipologie","embeddable":true,"href":"https:\/\/www.pasquiniebini.com\/es\/wp-json\/wp\/v2\/tipologie?post=6532"}],"curies":[{"name":"wp","href":"https:\/\/api.w.org\/{rel}","templated":true}]}}