{"id":6526,"date":"2016-09-13T14:08:57","date_gmt":"2016-09-13T14:08:57","guid":{"rendered":"https:\/\/www.pasquiniebini.com\/prodotti\/cigno-2\/"},"modified":"2022-10-02T23:11:23","modified_gmt":"2022-10-02T22:11:23","slug":"cigno","status":"publish","type":"product","link":"https:\/\/www.pasquiniebini.com\/es\/producto\/cigno\/","title":{"rendered":"Cigno"},"content":{"rendered":"<p>La versi\u00f3n baja de la maceta de la colecci\u00f3n Perseo es un art\u00edculo de altas prestaciones, funcional y resistente. De HDPE estabilizado a los rayos UV.<\/p>\n","protected":false},"excerpt":{"rendered":"<p>Maceta realizada en PEHD para floricultura y vivero.<\/p>\n","protected":false},"featured_media":36024,"template":"","meta":{"inline_featured_image":false},"product_brand":[],"product_cat":[181],"product_tag":[241,244,243],"esigenze":[1299,1281],"tipologie":[1347,1319],"class_list":{"0":"post-6526","1":"product","2":"type-product","3":"status-publish","4":"has-post-thumbnail","6":"product_cat-linea-de-inyeccion-npb","7":"product_tag-macetas-para-produccion","8":"product_tag-macetas-para-viveros","9":"product_tag-macetas-redondas","10":"esigenze-floricultura","11":"esigenze-vivero-y-cultivo","12":"tipologie-macetas-de-vivero","13":"tipologie-macetas-para-floricultura","15":"first","16":"instock","17":"shipping-taxable","18":"product-type-simple"},"acf":[],"_links":{"self":[{"href":"https:\/\/www.pasquiniebini.com\/es\/wp-json\/wp\/v2\/product\/6526","targetHints":{"allow":["GET"]}}],"collection":[{"href":"https:\/\/www.pasquiniebini.com\/es\/wp-json\/wp\/v2\/product"}],"about":[{"href":"https:\/\/www.pasquiniebini.com\/es\/wp-json\/wp\/v2\/types\/product"}],"wp:featuredmedia":[{"embeddable":true,"href":"https:\/\/www.pasquiniebini.com\/es\/wp-json\/wp\/v2\/media\/36024"}],"wp:attachment":[{"href":"https:\/\/www.pasquiniebini.com\/es\/wp-json\/wp\/v2\/media?parent=6526"}],"wp:term":[{"taxonomy":"product_brand","embeddable":true,"href":"https:\/\/www.pasquiniebini.com\/es\/wp-json\/wp\/v2\/product_brand?post=6526"},{"taxonomy":"product_cat","embeddable":true,"href":"https:\/\/www.pasquiniebini.com\/es\/wp-json\/wp\/v2\/product_cat?post=6526"},{"taxonomy":"product_tag","embeddable":true,"href":"https:\/\/www.pasquiniebini.com\/es\/wp-json\/wp\/v2\/product_tag?post=6526"},{"taxonomy":"esigenze","embeddable":true,"href":"https:\/\/www.pasquiniebini.com\/es\/wp-json\/wp\/v2\/esigenze?post=6526"},{"taxonomy":"tipologie","embeddable":true,"href":"https:\/\/www.pasquiniebini.com\/es\/wp-json\/wp\/v2\/tipologie?post=6526"}],"curies":[{"name":"wp","href":"https:\/\/api.w.org\/{rel}","templated":true}]}}