{"id":6520,"date":"2016-08-11T14:42:42","date_gmt":"2016-08-11T13:42:42","guid":{"rendered":"https:\/\/www.pasquiniebini.com\/prodotti\/plato-redondo-sil\/"},"modified":"2018-04-16T15:22:52","modified_gmt":"2018-04-16T14:22:52","slug":"plato-redondo-sil","status":"publish","type":"product","link":"https:\/\/www.pasquiniebini.com\/es\/producto\/plato-redondo-sil\/","title":{"rendered":"PLATO REDONDO SIL"},"content":{"rendered":"<h4><\/h4>\n<table border=\"1\" width=\"70%\" cellspacing=\"3\" cellpadding=\"6\" align=\"center\">\n<tbody>\n<tr>\n<td align=\"center\" width=\"64\">\n<h5 align=\"center\"><strong>Art.<\/strong><\/h5>\n<\/td>\n<td align=\"center\" width=\"97\">\n<h5 align=\"center\">\u00d8 &gt;<\/h5>\n<\/td>\n<td align=\"center\" width=\"76\">\n<h5 align=\"center\">\u00d8 &lt;<\/h5>\n<\/td>\n<td align=\"center\" width=\"80\">\n<h5 align=\"center\"><\/h5>\n<\/td>\n<\/tr>\n<tr>\n<td align=\"center\">\n<h5>SIL 37<\/h5>\n<\/td>\n<td align=\"center\">\n<h5>37 cm<\/h5>\n<\/td>\n<td align=\"center\">\n<h5>34 cm<\/h5>\n<\/td>\n<td align=\"center\">\n<h5>(LR40-LR45-ID40-ID45)<\/h5>\n<\/td>\n<\/tr>\n<tr>\n<td align=\"center\">\n<h5 align=\"center\">SIL 41<\/h5>\n<\/td>\n<td align=\"center\">\n<h5 align=\"center\">41 cm<\/h5>\n<\/td>\n<td align=\"center\">\n<h5 align=\"center\">37,5 cm<\/h5>\n<\/td>\n<td align=\"center\">\n<h5 align=\"center\">(ACT48-LR50-ID50-ID55-ID60)<\/h5>\n<\/td>\n<\/tr>\n<tr>\n<td align=\"center\">\n<h5 align=\"center\">SIL 47<\/h5>\n<\/td>\n<td align=\"center\">\n<h5 align=\"center\">47 cm<\/h5>\n<\/td>\n<td align=\"center\">\n<h5 align=\"center\">43 cm<\/h5>\n<\/td>\n<td align=\"center\">\n<h5 align=\"center\">(NOR50-LR55-LR60-ID65-ID70)<\/h5>\n<\/td>\n<\/tr>\n<tr>\n<td align=\"center\">\n<h5 align=\"center\">SIL 52<\/h5>\n<\/td>\n<td align=\"center\">\n<h5 align=\"center\">52 cm<\/h5>\n<\/td>\n<td align=\"center\">\n<h5 align=\"center\">46,5 cm<\/h5>\n<\/td>\n<td align=\"center\">\n<h5 align=\"center\">(ACT58-NOR60-LR65-ID75)<\/h5>\n<\/td>\n<\/tr>\n<tr>\n<td align=\"center\">\n<h5 align=\"center\">SIL 58<\/h5>\n<\/td>\n<td align=\"center\">\n<h5 align=\"center\">58 cm<\/h5>\n<\/td>\n<td align=\"center\">\n<h5 align=\"center\">53,5 cm<\/h5>\n<\/td>\n<td align=\"center\">\n<h5 align=\"center\">(LR70-LR75-ID85)<\/h5>\n<\/td>\n<\/tr>\n<tr>\n<td align=\"center\">\n<h5 align=\"center\">SIL 65<\/h5>\n<\/td>\n<td align=\"center\">\n<h5 align=\"center\">65 cm<\/h5>\n<\/td>\n<td align=\"center\">\n<h5 align=\"center\">60 cm<\/h5>\n<\/td>\n<td align=\"center\">\n<h5 align=\"center\">(LR85)<\/h5>\n<\/td>\n<\/tr>\n<\/tbody>\n<\/table>\n","protected":false},"excerpt":{"rendered":"<p>El plato redondo de pl\u00e1stico (polietileno) es el accesorio ideal para complementar numerosas colecciones de la l\u00ednea TEIPLAST. El art\u00edculo SIL, en seis medidas diferentes, est\u00e1 disponible en ocho colores y se puede combinar con las macetas de las colecciones Idra, Lira, Norma y Acquario.<\/p>\n","protected":false},"featured_media":3942,"template":"","meta":{"inline_featured_image":false},"product_brand":[],"product_cat":[188],"product_tag":[230,222],"esigenze":[],"tipologie":[],"class_list":{"0":"post-6520","1":"product","2":"type-product","3":"status-publish","4":"has-post-thumbnail","6":"product_cat-linea-rotacional-teiplast","7":"product_tag-platos-para-macetas","8":"product_tag-platos-redondos","10":"first","11":"instock","12":"shipping-taxable","13":"purchasable","14":"product-type-variable"},"acf":[],"_links":{"self":[{"href":"https:\/\/www.pasquiniebini.com\/es\/wp-json\/wp\/v2\/product\/6520","targetHints":{"allow":["GET"]}}],"collection":[{"href":"https:\/\/www.pasquiniebini.com\/es\/wp-json\/wp\/v2\/product"}],"about":[{"href":"https:\/\/www.pasquiniebini.com\/es\/wp-json\/wp\/v2\/types\/product"}],"wp:featuredmedia":[{"embeddable":true,"href":"https:\/\/www.pasquiniebini.com\/es\/wp-json\/wp\/v2\/media\/3942"}],"wp:attachment":[{"href":"https:\/\/www.pasquiniebini.com\/es\/wp-json\/wp\/v2\/media?parent=6520"}],"wp:term":[{"taxonomy":"product_brand","embeddable":true,"href":"https:\/\/www.pasquiniebini.com\/es\/wp-json\/wp\/v2\/product_brand?post=6520"},{"taxonomy":"product_cat","embeddable":true,"href":"https:\/\/www.pasquiniebini.com\/es\/wp-json\/wp\/v2\/product_cat?post=6520"},{"taxonomy":"product_tag","embeddable":true,"href":"https:\/\/www.pasquiniebini.com\/es\/wp-json\/wp\/v2\/product_tag?post=6520"},{"taxonomy":"esigenze","embeddable":true,"href":"https:\/\/www.pasquiniebini.com\/es\/wp-json\/wp\/v2\/esigenze?post=6520"},{"taxonomy":"tipologie","embeddable":true,"href":"https:\/\/www.pasquiniebini.com\/es\/wp-json\/wp\/v2\/tipologie?post=6520"}],"curies":[{"name":"wp","href":"https:\/\/api.w.org\/{rel}","templated":true}]}}