{"id":6498,"date":"2016-05-04T13:59:01","date_gmt":"2016-05-04T13:59:01","guid":{"rendered":"https:\/\/www.pasquiniebini.com\/prodotti\/lira-mobiliario-urbano\/"},"modified":"2022-10-07T11:52:09","modified_gmt":"2022-10-07T10:52:09","slug":"lira-mobiliario-urbano","status":"publish","type":"product","link":"https:\/\/www.pasquiniebini.com\/es\/producto\/lira-mobiliario-urbano\/","title":{"rendered":"Lira Mobiliario Urbano"},"content":{"rendered":"<p>La maceta Lira dise\u00f1ada para el mobiliario urbano, gracias a sus considerables dimensiones y su robusta construcci\u00f3n, es el contenedor ideal para plantas grandes y \u00e1rboles. Bordeada, con pared lisa, tiene fondo reforzado para tama\u00f1os de 400 l y 700 l. Se vuelve muy pr\u00e1ctica, y f\u00e1cil de manejar, en formatos de m\u00e1s de 1.100 litros de capacidad, gracias al fondo ergon\u00f3mico que permite agarrarla f\u00e1cilmente con la carretilla. \u201cLa mejor entre las macetas grandes\u201d<\/p>\n","protected":false},"excerpt":{"rendered":"<p>Maceta lisa para mobiliario urbano realizada en resina termopl\u00e1stica.<\/p>\n","protected":false},"featured_media":39581,"template":"","meta":{"inline_featured_image":false},"product_brand":[],"product_cat":[188],"product_tag":[236],"esigenze":[1295],"tipologie":[],"class_list":{"0":"post-6498","1":"product","2":"type-product","3":"status-publish","4":"has-post-thumbnail","6":"product_cat-linea-rotacional-teiplast","7":"product_tag-macetas-para-mobiliario-urbano","8":"esigenze-mobiliario-urbano","10":"first","11":"instock","12":"shipping-taxable","13":"purchasable","14":"product-type-variable"},"acf":[],"_links":{"self":[{"href":"https:\/\/www.pasquiniebini.com\/es\/wp-json\/wp\/v2\/product\/6498","targetHints":{"allow":["GET"]}}],"collection":[{"href":"https:\/\/www.pasquiniebini.com\/es\/wp-json\/wp\/v2\/product"}],"about":[{"href":"https:\/\/www.pasquiniebini.com\/es\/wp-json\/wp\/v2\/types\/product"}],"wp:featuredmedia":[{"embeddable":true,"href":"https:\/\/www.pasquiniebini.com\/es\/wp-json\/wp\/v2\/media\/39581"}],"wp:attachment":[{"href":"https:\/\/www.pasquiniebini.com\/es\/wp-json\/wp\/v2\/media?parent=6498"}],"wp:term":[{"taxonomy":"product_brand","embeddable":true,"href":"https:\/\/www.pasquiniebini.com\/es\/wp-json\/wp\/v2\/product_brand?post=6498"},{"taxonomy":"product_cat","embeddable":true,"href":"https:\/\/www.pasquiniebini.com\/es\/wp-json\/wp\/v2\/product_cat?post=6498"},{"taxonomy":"product_tag","embeddable":true,"href":"https:\/\/www.pasquiniebini.com\/es\/wp-json\/wp\/v2\/product_tag?post=6498"},{"taxonomy":"esigenze","embeddable":true,"href":"https:\/\/www.pasquiniebini.com\/es\/wp-json\/wp\/v2\/esigenze?post=6498"},{"taxonomy":"tipologie","embeddable":true,"href":"https:\/\/www.pasquiniebini.com\/es\/wp-json\/wp\/v2\/tipologie?post=6498"}],"curies":[{"name":"wp","href":"https:\/\/api.w.org\/{rel}","templated":true}]}}