{"id":6497,"date":"2016-05-23T13:11:40","date_gmt":"2016-05-23T13:11:40","guid":{"rendered":"https:\/\/www.pasquiniebini.com\/prodotti\/jumbo-2\/"},"modified":"2022-10-03T09:49:38","modified_gmt":"2022-10-03T08:49:38","slug":"jumbo","status":"publish","type":"product","link":"https:\/\/www.pasquiniebini.com\/es\/producto\/jumbo\/","title":{"rendered":"Jumbo"},"content":{"rendered":"<p>Una joya para el mobiliario urbano y las zonas verdes p\u00fablicas. La maceta Jumbo, de estilo juvenil y gran tama\u00f1o, y con una estructura robusta, se presta a albergar importantes \u00e1rboles y plantas, a menudo destinados a ser colocados en el suelo. El dise\u00f1o del fondo reforzado hace que sea extremadamente f\u00e1cil moverla en los casos en que se deba realizar el mantenimiento o la limpieza de la superficie subyacente (por ejemplo, calles, plazas o parques p\u00fablicos).<\/p>\n","protected":false},"excerpt":{"rendered":"<p>Maceta lisa, con fondo reforzado, para mobiliario urbano.<\/p>\n","protected":false},"featured_media":39605,"template":"","meta":{"inline_featured_image":false},"product_brand":[],"product_cat":[188],"product_tag":[223,236],"esigenze":[1295],"tipologie":[],"class_list":{"0":"post-6497","1":"product","2":"type-product","3":"status-publish","4":"has-post-thumbnail","6":"product_cat-linea-rotacional-teiplast","7":"product_tag-decoracion-de-espacios-verdes","8":"product_tag-macetas-para-mobiliario-urbano","9":"esigenze-mobiliario-urbano","11":"first","12":"instock","13":"shipping-taxable","14":"purchasable","15":"product-type-variable"},"acf":[],"_links":{"self":[{"href":"https:\/\/www.pasquiniebini.com\/es\/wp-json\/wp\/v2\/product\/6497","targetHints":{"allow":["GET"]}}],"collection":[{"href":"https:\/\/www.pasquiniebini.com\/es\/wp-json\/wp\/v2\/product"}],"about":[{"href":"https:\/\/www.pasquiniebini.com\/es\/wp-json\/wp\/v2\/types\/product"}],"wp:featuredmedia":[{"embeddable":true,"href":"https:\/\/www.pasquiniebini.com\/es\/wp-json\/wp\/v2\/media\/39605"}],"wp:attachment":[{"href":"https:\/\/www.pasquiniebini.com\/es\/wp-json\/wp\/v2\/media?parent=6497"}],"wp:term":[{"taxonomy":"product_brand","embeddable":true,"href":"https:\/\/www.pasquiniebini.com\/es\/wp-json\/wp\/v2\/product_brand?post=6497"},{"taxonomy":"product_cat","embeddable":true,"href":"https:\/\/www.pasquiniebini.com\/es\/wp-json\/wp\/v2\/product_cat?post=6497"},{"taxonomy":"product_tag","embeddable":true,"href":"https:\/\/www.pasquiniebini.com\/es\/wp-json\/wp\/v2\/product_tag?post=6497"},{"taxonomy":"esigenze","embeddable":true,"href":"https:\/\/www.pasquiniebini.com\/es\/wp-json\/wp\/v2\/esigenze?post=6497"},{"taxonomy":"tipologie","embeddable":true,"href":"https:\/\/www.pasquiniebini.com\/es\/wp-json\/wp\/v2\/tipologie?post=6497"}],"curies":[{"name":"wp","href":"https:\/\/api.w.org\/{rel}","templated":true}]}}