{"id":6495,"date":"2016-05-23T17:42:24","date_gmt":"2016-05-23T17:42:24","guid":{"rendered":"https:\/\/www.pasquiniebini.com\/prodotti\/rock-2\/"},"modified":"2022-10-03T10:00:22","modified_gmt":"2022-10-03T09:00:22","slug":"rock","status":"publish","type":"product","link":"https:\/\/www.pasquiniebini.com\/es\/producto\/rock\/","title":{"rendered":"Rock"},"content":{"rendered":"<p>Cuando la idea de la maceta grande de jard\u00edn y la geometr\u00eda se unen con la fantas\u00eda de la forma escult\u00f3rica, nace una maceta decorativa original como la poligonal Rock.<\/p>\n","protected":false},"excerpt":{"rendered":"<p>Maceta para mobiliario urbano de resina termopl\u00e1stica.<\/p>\n","protected":false},"featured_media":39707,"template":"","meta":{"inline_featured_image":false},"product_brand":[],"product_cat":[188],"product_tag":[236],"esigenze":[1295],"tipologie":[],"class_list":{"0":"post-6495","1":"product","2":"type-product","3":"status-publish","4":"has-post-thumbnail","6":"product_cat-linea-rotacional-teiplast","7":"product_tag-macetas-para-mobiliario-urbano","8":"esigenze-mobiliario-urbano","10":"first","11":"instock","12":"shipping-taxable","13":"purchasable","14":"product-type-variable"},"acf":[],"_links":{"self":[{"href":"https:\/\/www.pasquiniebini.com\/es\/wp-json\/wp\/v2\/product\/6495","targetHints":{"allow":["GET"]}}],"collection":[{"href":"https:\/\/www.pasquiniebini.com\/es\/wp-json\/wp\/v2\/product"}],"about":[{"href":"https:\/\/www.pasquiniebini.com\/es\/wp-json\/wp\/v2\/types\/product"}],"wp:featuredmedia":[{"embeddable":true,"href":"https:\/\/www.pasquiniebini.com\/es\/wp-json\/wp\/v2\/media\/39707"}],"wp:attachment":[{"href":"https:\/\/www.pasquiniebini.com\/es\/wp-json\/wp\/v2\/media?parent=6495"}],"wp:term":[{"taxonomy":"product_brand","embeddable":true,"href":"https:\/\/www.pasquiniebini.com\/es\/wp-json\/wp\/v2\/product_brand?post=6495"},{"taxonomy":"product_cat","embeddable":true,"href":"https:\/\/www.pasquiniebini.com\/es\/wp-json\/wp\/v2\/product_cat?post=6495"},{"taxonomy":"product_tag","embeddable":true,"href":"https:\/\/www.pasquiniebini.com\/es\/wp-json\/wp\/v2\/product_tag?post=6495"},{"taxonomy":"esigenze","embeddable":true,"href":"https:\/\/www.pasquiniebini.com\/es\/wp-json\/wp\/v2\/esigenze?post=6495"},{"taxonomy":"tipologie","embeddable":true,"href":"https:\/\/www.pasquiniebini.com\/es\/wp-json\/wp\/v2\/tipologie?post=6495"}],"curies":[{"name":"wp","href":"https:\/\/api.w.org\/{rel}","templated":true}]}}