{"id":6494,"date":"2016-05-23T17:54:01","date_gmt":"2016-05-23T17:54:01","guid":{"rendered":"https:\/\/www.pasquiniebini.com\/prodotti\/imitacion-madera-rectangular\/"},"modified":"2022-10-07T11:55:57","modified_gmt":"2022-10-07T10:55:57","slug":"imitacion-madera-rectangular","status":"publish","type":"product","link":"https:\/\/www.pasquiniebini.com\/es\/producto\/imitacion-madera-rectangular\/","title":{"rendered":"Imitaci\u00f3n Madera Rectangular"},"content":{"rendered":"<p>Combinable con la maceta cuadrada de la misma colecci\u00f3n, el macetero de estilo r\u00fastico se adapta tambi\u00e9n a los ambientes m\u00e1s tradicionales, combinando la ligereza del pl\u00e1stico con la belleza atemporal de la madera.<\/p>\n","protected":false},"excerpt":{"rendered":"<p>Jardinera rectangular de pl\u00e1stico imitaci\u00f3n madera.<\/p>\n","protected":false},"featured_media":39725,"template":"","meta":{"inline_featured_image":false},"product_brand":[],"product_cat":[188],"product_tag":[223,236],"esigenze":[1295],"tipologie":[],"class_list":{"0":"post-6494","1":"product","2":"type-product","3":"status-publish","4":"has-post-thumbnail","6":"product_cat-linea-rotacional-teiplast","7":"product_tag-decoracion-de-espacios-verdes","8":"product_tag-macetas-para-mobiliario-urbano","9":"esigenze-mobiliario-urbano","11":"first","12":"instock","13":"shipping-taxable","14":"purchasable","15":"product-type-variable"},"acf":[],"_links":{"self":[{"href":"https:\/\/www.pasquiniebini.com\/es\/wp-json\/wp\/v2\/product\/6494","targetHints":{"allow":["GET"]}}],"collection":[{"href":"https:\/\/www.pasquiniebini.com\/es\/wp-json\/wp\/v2\/product"}],"about":[{"href":"https:\/\/www.pasquiniebini.com\/es\/wp-json\/wp\/v2\/types\/product"}],"wp:featuredmedia":[{"embeddable":true,"href":"https:\/\/www.pasquiniebini.com\/es\/wp-json\/wp\/v2\/media\/39725"}],"wp:attachment":[{"href":"https:\/\/www.pasquiniebini.com\/es\/wp-json\/wp\/v2\/media?parent=6494"}],"wp:term":[{"taxonomy":"product_brand","embeddable":true,"href":"https:\/\/www.pasquiniebini.com\/es\/wp-json\/wp\/v2\/product_brand?post=6494"},{"taxonomy":"product_cat","embeddable":true,"href":"https:\/\/www.pasquiniebini.com\/es\/wp-json\/wp\/v2\/product_cat?post=6494"},{"taxonomy":"product_tag","embeddable":true,"href":"https:\/\/www.pasquiniebini.com\/es\/wp-json\/wp\/v2\/product_tag?post=6494"},{"taxonomy":"esigenze","embeddable":true,"href":"https:\/\/www.pasquiniebini.com\/es\/wp-json\/wp\/v2\/esigenze?post=6494"},{"taxonomy":"tipologie","embeddable":true,"href":"https:\/\/www.pasquiniebini.com\/es\/wp-json\/wp\/v2\/tipologie?post=6494"}],"curies":[{"name":"wp","href":"https:\/\/api.w.org\/{rel}","templated":true}]}}