{"id":6493,"date":"2016-05-23T17:56:02","date_gmt":"2016-05-23T17:56:02","guid":{"rendered":"https:\/\/www.pasquiniebini.com\/prodotti\/imitacion-madera-cuadrado\/"},"modified":"2022-10-07T11:57:47","modified_gmt":"2022-10-07T10:57:47","slug":"imitacion-madera-cuadrado","status":"publish","type":"product","link":"https:\/\/www.pasquiniebini.com\/es\/producto\/imitacion-madera-cuadrado\/","title":{"rendered":"Imitaci\u00f3n Madera Cuadrado"},"content":{"rendered":"<p>El efecto madera de estos maceteros realza las zonas verdes con la misma calidez del producto en la materia prima noble: el pl\u00e1stico, sin embargo, garantiza a las macetas cuadradas una larga duraci\u00f3n incluso cuando se las somete a las condiciones clim\u00e1ticas m\u00e1s dif\u00edciles.<\/p>\n","protected":false},"excerpt":{"rendered":"<p>Caja cuadrada de pl\u00e1stico con acabado imitaci\u00f3n madera.<\/p>\n","protected":false},"featured_media":39737,"template":"","meta":{"inline_featured_image":false},"product_brand":[],"product_cat":[188],"product_tag":[223,236],"esigenze":[1295],"tipologie":[],"class_list":{"0":"post-6493","1":"product","2":"type-product","3":"status-publish","4":"has-post-thumbnail","6":"product_cat-linea-rotacional-teiplast","7":"product_tag-decoracion-de-espacios-verdes","8":"product_tag-macetas-para-mobiliario-urbano","9":"esigenze-mobiliario-urbano","11":"first","12":"instock","13":"shipping-taxable","14":"purchasable","15":"product-type-variable"},"acf":[],"_links":{"self":[{"href":"https:\/\/www.pasquiniebini.com\/es\/wp-json\/wp\/v2\/product\/6493","targetHints":{"allow":["GET"]}}],"collection":[{"href":"https:\/\/www.pasquiniebini.com\/es\/wp-json\/wp\/v2\/product"}],"about":[{"href":"https:\/\/www.pasquiniebini.com\/es\/wp-json\/wp\/v2\/types\/product"}],"wp:featuredmedia":[{"embeddable":true,"href":"https:\/\/www.pasquiniebini.com\/es\/wp-json\/wp\/v2\/media\/39737"}],"wp:attachment":[{"href":"https:\/\/www.pasquiniebini.com\/es\/wp-json\/wp\/v2\/media?parent=6493"}],"wp:term":[{"taxonomy":"product_brand","embeddable":true,"href":"https:\/\/www.pasquiniebini.com\/es\/wp-json\/wp\/v2\/product_brand?post=6493"},{"taxonomy":"product_cat","embeddable":true,"href":"https:\/\/www.pasquiniebini.com\/es\/wp-json\/wp\/v2\/product_cat?post=6493"},{"taxonomy":"product_tag","embeddable":true,"href":"https:\/\/www.pasquiniebini.com\/es\/wp-json\/wp\/v2\/product_tag?post=6493"},{"taxonomy":"esigenze","embeddable":true,"href":"https:\/\/www.pasquiniebini.com\/es\/wp-json\/wp\/v2\/esigenze?post=6493"},{"taxonomy":"tipologie","embeddable":true,"href":"https:\/\/www.pasquiniebini.com\/es\/wp-json\/wp\/v2\/tipologie?post=6493"}],"curies":[{"name":"wp","href":"https:\/\/api.w.org\/{rel}","templated":true}]}}