{"id":6492,"date":"2016-05-03T09:25:51","date_gmt":"2016-05-03T09:25:51","guid":{"rendered":"https:\/\/www.pasquiniebini.com\/prodotti\/virgo-2\/"},"modified":"2022-09-30T14:57:14","modified_gmt":"2022-09-30T13:57:14","slug":"virgo","status":"publish","type":"product","link":"https:\/\/www.pasquiniebini.com\/es\/producto\/virgo\/","title":{"rendered":"Virgo"},"content":{"rendered":"<p>El clasicismo y la tradici\u00f3n de la antigua terracota inspiraron la creaci\u00f3n de este cuenco de pl\u00e1stico producido con moldeo rotacional.<\/p>\n","protected":false},"excerpt":{"rendered":"<p>Cuenco decorativo liso.<\/p>\n","protected":false},"featured_media":38858,"template":"","meta":{"inline_featured_image":false},"product_brand":[],"product_cat":[188],"product_tag":[225,238,237],"esigenze":[1351],"tipologie":[],"class_list":{"0":"post-6492","1":"product","2":"type-product","3":"status-publish","4":"has-post-thumbnail","6":"product_cat-linea-rotacional-teiplast","7":"product_tag-cuencos-y-accesorios","8":"product_tag-macetas-para-ambientes-interiores","9":"product_tag-macetas-para-exteriores","10":"esigenze-macetas-decorativas","12":"first","13":"instock","14":"shipping-taxable","15":"purchasable","16":"product-type-variable"},"acf":[],"_links":{"self":[{"href":"https:\/\/www.pasquiniebini.com\/es\/wp-json\/wp\/v2\/product\/6492","targetHints":{"allow":["GET"]}}],"collection":[{"href":"https:\/\/www.pasquiniebini.com\/es\/wp-json\/wp\/v2\/product"}],"about":[{"href":"https:\/\/www.pasquiniebini.com\/es\/wp-json\/wp\/v2\/types\/product"}],"wp:featuredmedia":[{"embeddable":true,"href":"https:\/\/www.pasquiniebini.com\/es\/wp-json\/wp\/v2\/media\/38858"}],"wp:attachment":[{"href":"https:\/\/www.pasquiniebini.com\/es\/wp-json\/wp\/v2\/media?parent=6492"}],"wp:term":[{"taxonomy":"product_brand","embeddable":true,"href":"https:\/\/www.pasquiniebini.com\/es\/wp-json\/wp\/v2\/product_brand?post=6492"},{"taxonomy":"product_cat","embeddable":true,"href":"https:\/\/www.pasquiniebini.com\/es\/wp-json\/wp\/v2\/product_cat?post=6492"},{"taxonomy":"product_tag","embeddable":true,"href":"https:\/\/www.pasquiniebini.com\/es\/wp-json\/wp\/v2\/product_tag?post=6492"},{"taxonomy":"esigenze","embeddable":true,"href":"https:\/\/www.pasquiniebini.com\/es\/wp-json\/wp\/v2\/esigenze?post=6492"},{"taxonomy":"tipologie","embeddable":true,"href":"https:\/\/www.pasquiniebini.com\/es\/wp-json\/wp\/v2\/tipologie?post=6492"}],"curies":[{"name":"wp","href":"https:\/\/api.w.org\/{rel}","templated":true}]}}