{"id":6491,"date":"2016-05-04T14:08:50","date_gmt":"2016-05-04T14:08:50","guid":{"rendered":"https:\/\/www.pasquiniebini.com\/prodotti\/venere-2\/"},"modified":"2022-10-03T10:17:04","modified_gmt":"2022-10-03T09:17:04","slug":"venere","status":"publish","type":"product","link":"https:\/\/www.pasquiniebini.com\/es\/producto\/venere\/","title":{"rendered":"Venere"},"content":{"rendered":"<p>Las macetas de la serie Venere son de muy alta calidad. Las materias primas especiales y los moldes adecuados dan a las macetas un acabado brillante de gran impacto. Un producto est\u00e9ticamente perfecto para la decoraci\u00f3n de interiores pero tambi\u00e9n para terrazas y jardines.<\/p>\n","protected":false},"excerpt":{"rendered":"<p>Maceta lisa brillante de resina termopl\u00e1stica.<\/p>\n","protected":false},"featured_media":39803,"template":"","meta":{"inline_featured_image":false},"product_brand":[],"product_cat":[188],"product_tag":[235,238],"esigenze":[1351],"tipologie":[],"class_list":{"0":"post-6491","1":"product","2":"type-product","3":"status-publish","4":"has-post-thumbnail","6":"product_cat-linea-rotacional-teiplast","7":"product_tag-macetas-decorativas","8":"product_tag-macetas-para-ambientes-interiores","9":"esigenze-macetas-decorativas","11":"first","12":"instock","13":"shipping-taxable","14":"purchasable","15":"product-type-variable"},"acf":[],"_links":{"self":[{"href":"https:\/\/www.pasquiniebini.com\/es\/wp-json\/wp\/v2\/product\/6491","targetHints":{"allow":["GET"]}}],"collection":[{"href":"https:\/\/www.pasquiniebini.com\/es\/wp-json\/wp\/v2\/product"}],"about":[{"href":"https:\/\/www.pasquiniebini.com\/es\/wp-json\/wp\/v2\/types\/product"}],"wp:featuredmedia":[{"embeddable":true,"href":"https:\/\/www.pasquiniebini.com\/es\/wp-json\/wp\/v2\/media\/39803"}],"wp:attachment":[{"href":"https:\/\/www.pasquiniebini.com\/es\/wp-json\/wp\/v2\/media?parent=6491"}],"wp:term":[{"taxonomy":"product_brand","embeddable":true,"href":"https:\/\/www.pasquiniebini.com\/es\/wp-json\/wp\/v2\/product_brand?post=6491"},{"taxonomy":"product_cat","embeddable":true,"href":"https:\/\/www.pasquiniebini.com\/es\/wp-json\/wp\/v2\/product_cat?post=6491"},{"taxonomy":"product_tag","embeddable":true,"href":"https:\/\/www.pasquiniebini.com\/es\/wp-json\/wp\/v2\/product_tag?post=6491"},{"taxonomy":"esigenze","embeddable":true,"href":"https:\/\/www.pasquiniebini.com\/es\/wp-json\/wp\/v2\/esigenze?post=6491"},{"taxonomy":"tipologie","embeddable":true,"href":"https:\/\/www.pasquiniebini.com\/es\/wp-json\/wp\/v2\/tipologie?post=6491"}],"curies":[{"name":"wp","href":"https:\/\/api.w.org\/{rel}","templated":true}]}}