{"id":6489,"date":"2016-07-22T14:53:19","date_gmt":"2016-07-22T14:53:19","guid":{"rendered":"https:\/\/www.pasquiniebini.com\/prodotti\/vela-angular\/"},"modified":"2022-10-07T11:42:41","modified_gmt":"2022-10-07T10:42:41","slug":"vela-angular","status":"publish","type":"product","link":"https:\/\/www.pasquiniebini.com\/es\/producto\/vela-angular\/","title":{"rendered":"Vela Angular"},"content":{"rendered":"<p>La colecci\u00f3n Vela, compuesta por una maceta angular y una maceta de pared, tiene un acabado liso y una l\u00ednea simple que le permite dar refinamiento y llevar un poco de verde incluso a los rincones m\u00e1s escondidos.<\/p>\n","protected":false},"excerpt":{"rendered":"<p>Maceta angular producida con moldeo rotacional.<\/p>\n","protected":false},"featured_media":39389,"template":"","meta":{"inline_featured_image":false},"product_brand":[],"product_cat":[188],"product_tag":[237],"esigenze":[1351],"tipologie":[],"class_list":{"0":"post-6489","1":"product","2":"type-product","3":"status-publish","4":"has-post-thumbnail","6":"product_cat-linea-rotacional-teiplast","7":"product_tag-macetas-para-exteriores","8":"esigenze-macetas-decorativas","10":"first","11":"instock","12":"shipping-taxable","13":"purchasable","14":"product-type-variable"},"acf":[],"_links":{"self":[{"href":"https:\/\/www.pasquiniebini.com\/es\/wp-json\/wp\/v2\/product\/6489","targetHints":{"allow":["GET"]}}],"collection":[{"href":"https:\/\/www.pasquiniebini.com\/es\/wp-json\/wp\/v2\/product"}],"about":[{"href":"https:\/\/www.pasquiniebini.com\/es\/wp-json\/wp\/v2\/types\/product"}],"wp:featuredmedia":[{"embeddable":true,"href":"https:\/\/www.pasquiniebini.com\/es\/wp-json\/wp\/v2\/media\/39389"}],"wp:attachment":[{"href":"https:\/\/www.pasquiniebini.com\/es\/wp-json\/wp\/v2\/media?parent=6489"}],"wp:term":[{"taxonomy":"product_brand","embeddable":true,"href":"https:\/\/www.pasquiniebini.com\/es\/wp-json\/wp\/v2\/product_brand?post=6489"},{"taxonomy":"product_cat","embeddable":true,"href":"https:\/\/www.pasquiniebini.com\/es\/wp-json\/wp\/v2\/product_cat?post=6489"},{"taxonomy":"product_tag","embeddable":true,"href":"https:\/\/www.pasquiniebini.com\/es\/wp-json\/wp\/v2\/product_tag?post=6489"},{"taxonomy":"esigenze","embeddable":true,"href":"https:\/\/www.pasquiniebini.com\/es\/wp-json\/wp\/v2\/esigenze?post=6489"},{"taxonomy":"tipologie","embeddable":true,"href":"https:\/\/www.pasquiniebini.com\/es\/wp-json\/wp\/v2\/tipologie?post=6489"}],"curies":[{"name":"wp","href":"https:\/\/api.w.org\/{rel}","templated":true}]}}