{"id":6485,"date":"2016-05-19T09:41:16","date_gmt":"2016-05-19T09:41:16","guid":{"rendered":"https:\/\/www.pasquiniebini.com\/prodotti\/sagitta-2\/"},"modified":"2022-09-30T16:31:15","modified_gmt":"2022-09-30T15:31:15","slug":"sagitta","status":"publish","type":"product","link":"https:\/\/www.pasquiniebini.com\/es\/producto\/sagitta\/","title":{"rendered":"Sagitta"},"content":{"rendered":"<p>El macetero liso, de estilo actual y moderno, es perfecto para decorar espacios dom\u00e9sticos y zonas verdes p\u00fablicas. Realizada en material de primera calidad, es resistente a la intemperie y a los rayos UV. Para embellecer a\u00fan m\u00e1s los ambientes, recomendamos la creaci\u00f3n de composiciones con los art\u00edculos a juego, la maceta redonda lisa Lira y la maceta cuadrada Gemini.<\/p>\n","protected":false},"excerpt":{"rendered":"<p>Jardinera rectangular lisa.<\/p>\n","protected":false},"featured_media":40421,"template":"","meta":{"inline_featured_image":false},"product_brand":[],"product_cat":[188],"product_tag":[226,237],"esigenze":[1295,1351],"tipologie":[],"class_list":{"0":"post-6485","1":"product","2":"type-product","3":"status-publish","4":"has-post-thumbnail","6":"product_cat-linea-rotacional-teiplast","7":"product_tag-jardineras","8":"product_tag-macetas-para-exteriores","9":"esigenze-mobiliario-urbano","10":"esigenze-macetas-decorativas","12":"first","13":"instock","14":"shipping-taxable","15":"purchasable","16":"product-type-variable"},"acf":[],"_links":{"self":[{"href":"https:\/\/www.pasquiniebini.com\/es\/wp-json\/wp\/v2\/product\/6485","targetHints":{"allow":["GET"]}}],"collection":[{"href":"https:\/\/www.pasquiniebini.com\/es\/wp-json\/wp\/v2\/product"}],"about":[{"href":"https:\/\/www.pasquiniebini.com\/es\/wp-json\/wp\/v2\/types\/product"}],"wp:featuredmedia":[{"embeddable":true,"href":"https:\/\/www.pasquiniebini.com\/es\/wp-json\/wp\/v2\/media\/40421"}],"wp:attachment":[{"href":"https:\/\/www.pasquiniebini.com\/es\/wp-json\/wp\/v2\/media?parent=6485"}],"wp:term":[{"taxonomy":"product_brand","embeddable":true,"href":"https:\/\/www.pasquiniebini.com\/es\/wp-json\/wp\/v2\/product_brand?post=6485"},{"taxonomy":"product_cat","embeddable":true,"href":"https:\/\/www.pasquiniebini.com\/es\/wp-json\/wp\/v2\/product_cat?post=6485"},{"taxonomy":"product_tag","embeddable":true,"href":"https:\/\/www.pasquiniebini.com\/es\/wp-json\/wp\/v2\/product_tag?post=6485"},{"taxonomy":"esigenze","embeddable":true,"href":"https:\/\/www.pasquiniebini.com\/es\/wp-json\/wp\/v2\/esigenze?post=6485"},{"taxonomy":"tipologie","embeddable":true,"href":"https:\/\/www.pasquiniebini.com\/es\/wp-json\/wp\/v2\/tipologie?post=6485"}],"curies":[{"name":"wp","href":"https:\/\/api.w.org\/{rel}","templated":true}]}}