{"id":6480,"date":"2016-05-03T09:45:57","date_gmt":"2016-05-03T09:45:57","guid":{"rendered":"https:\/\/www.pasquiniebini.com\/prodotti\/lira-2\/"},"modified":"2022-09-30T18:14:05","modified_gmt":"2022-09-30T17:14:05","slug":"lira","status":"publish","type":"product","link":"https:\/\/www.pasquiniebini.com\/es\/producto\/lira\/","title":{"rendered":"Lira"},"content":{"rendered":"<p>Maceta de borde liso, con un dise\u00f1o lineal y refinado. La serie Lira es extremadamente vers\u00e1til, gracias a su amplia gama de colores, que se pueden combinar y coordinar con m\u00faltiples productos: desde las jardineras Sagitta hasta la maceta cuadrada Gemini, desde las macetas de pared y angulares Vela hasta la maceta baja Norma, para completar la l\u00ednea con las medidas estudiadas espec\u00edficamente para mobiliario urbano y zonas verdes p\u00fablicas.<\/p>\n","protected":false},"excerpt":{"rendered":"<p>Maceta decorativa lisa realizada con moldeo rotacional.<\/p>\n","protected":false},"featured_media":39479,"template":"","meta":{"inline_featured_image":false},"product_brand":[],"product_cat":[188],"product_tag":[238,237,243],"esigenze":[1295,1351],"tipologie":[],"class_list":{"0":"post-6480","1":"product","2":"type-product","3":"status-publish","4":"has-post-thumbnail","6":"product_cat-linea-rotacional-teiplast","7":"product_tag-macetas-para-ambientes-interiores","8":"product_tag-macetas-para-exteriores","9":"product_tag-macetas-redondas","10":"esigenze-mobiliario-urbano","11":"esigenze-macetas-decorativas","13":"first","14":"instock","15":"shipping-taxable","16":"purchasable","17":"product-type-variable"},"acf":[],"_links":{"self":[{"href":"https:\/\/www.pasquiniebini.com\/es\/wp-json\/wp\/v2\/product\/6480","targetHints":{"allow":["GET"]}}],"collection":[{"href":"https:\/\/www.pasquiniebini.com\/es\/wp-json\/wp\/v2\/product"}],"about":[{"href":"https:\/\/www.pasquiniebini.com\/es\/wp-json\/wp\/v2\/types\/product"}],"wp:featuredmedia":[{"embeddable":true,"href":"https:\/\/www.pasquiniebini.com\/es\/wp-json\/wp\/v2\/media\/39479"}],"wp:attachment":[{"href":"https:\/\/www.pasquiniebini.com\/es\/wp-json\/wp\/v2\/media?parent=6480"}],"wp:term":[{"taxonomy":"product_brand","embeddable":true,"href":"https:\/\/www.pasquiniebini.com\/es\/wp-json\/wp\/v2\/product_brand?post=6480"},{"taxonomy":"product_cat","embeddable":true,"href":"https:\/\/www.pasquiniebini.com\/es\/wp-json\/wp\/v2\/product_cat?post=6480"},{"taxonomy":"product_tag","embeddable":true,"href":"https:\/\/www.pasquiniebini.com\/es\/wp-json\/wp\/v2\/product_tag?post=6480"},{"taxonomy":"esigenze","embeddable":true,"href":"https:\/\/www.pasquiniebini.com\/es\/wp-json\/wp\/v2\/esigenze?post=6480"},{"taxonomy":"tipologie","embeddable":true,"href":"https:\/\/www.pasquiniebini.com\/es\/wp-json\/wp\/v2\/tipologie?post=6480"}],"curies":[{"name":"wp","href":"https:\/\/api.w.org\/{rel}","templated":true}]}}