{"id":6474,"date":"2016-05-04T14:10:35","date_gmt":"2016-05-04T14:10:35","guid":{"rendered":"https:\/\/www.pasquiniebini.com\/prodotti\/idra-maceta-redonda-afestonada\/"},"modified":"2022-10-07T11:08:56","modified_gmt":"2022-10-07T10:08:56","slug":"idra-maceta-redonda-afestonada","status":"publish","type":"product","link":"https:\/\/www.pasquiniebini.com\/es\/producto\/idra-maceta-redonda-afestonada\/","title":{"rendered":"Idra &#8211; Maceta Redonda Afestonada"},"content":{"rendered":"<p>La maceta festoneada, s\u00edmbolo de un estilo toscano atemporal, encarna el efecto visual del producto de terracota con las caracter\u00edsticas t\u00edpicas de la maceta de pl\u00e1stico. Ligera, incluso en los tama\u00f1os m\u00e1s grandes, a prueba de golpes y resistente a los cambios bruscos de temperatura. Combinable con la maceta cuadrada y el macetero, siempre est\u00e1 disponible en los cl\u00e1sicos colores terracota y siena.<\/p>\n","protected":false},"excerpt":{"rendered":"<p>Maceta festoneada realizada con moldeo rotacional.<\/p>\n","protected":false},"featured_media":40385,"template":"","meta":{"inline_featured_image":false},"product_brand":[],"product_cat":[188],"product_tag":[237],"esigenze":[1295,1351],"tipologie":[],"class_list":{"0":"post-6474","1":"product","2":"type-product","3":"status-publish","4":"has-post-thumbnail","6":"product_cat-linea-rotacional-teiplast","7":"product_tag-macetas-para-exteriores","8":"esigenze-mobiliario-urbano","9":"esigenze-macetas-decorativas","11":"first","12":"instock","13":"shipping-taxable","14":"purchasable","15":"product-type-variable"},"acf":[],"_links":{"self":[{"href":"https:\/\/www.pasquiniebini.com\/es\/wp-json\/wp\/v2\/product\/6474","targetHints":{"allow":["GET"]}}],"collection":[{"href":"https:\/\/www.pasquiniebini.com\/es\/wp-json\/wp\/v2\/product"}],"about":[{"href":"https:\/\/www.pasquiniebini.com\/es\/wp-json\/wp\/v2\/types\/product"}],"wp:featuredmedia":[{"embeddable":true,"href":"https:\/\/www.pasquiniebini.com\/es\/wp-json\/wp\/v2\/media\/40385"}],"wp:attachment":[{"href":"https:\/\/www.pasquiniebini.com\/es\/wp-json\/wp\/v2\/media?parent=6474"}],"wp:term":[{"taxonomy":"product_brand","embeddable":true,"href":"https:\/\/www.pasquiniebini.com\/es\/wp-json\/wp\/v2\/product_brand?post=6474"},{"taxonomy":"product_cat","embeddable":true,"href":"https:\/\/www.pasquiniebini.com\/es\/wp-json\/wp\/v2\/product_cat?post=6474"},{"taxonomy":"product_tag","embeddable":true,"href":"https:\/\/www.pasquiniebini.com\/es\/wp-json\/wp\/v2\/product_tag?post=6474"},{"taxonomy":"esigenze","embeddable":true,"href":"https:\/\/www.pasquiniebini.com\/es\/wp-json\/wp\/v2\/esigenze?post=6474"},{"taxonomy":"tipologie","embeddable":true,"href":"https:\/\/www.pasquiniebini.com\/es\/wp-json\/wp\/v2\/tipologie?post=6474"}],"curies":[{"name":"wp","href":"https:\/\/api.w.org\/{rel}","templated":true}]}}