{"id":6470,"date":"2016-05-02T11:13:51","date_gmt":"2016-05-02T11:13:51","guid":{"rendered":"https:\/\/www.pasquiniebini.com\/prodotti\/foglia-2\/"},"modified":"2022-10-03T10:22:53","modified_gmt":"2022-10-03T09:22:53","slug":"foglia","status":"publish","type":"product","link":"https:\/\/www.pasquiniebini.com\/es\/producto\/foglia\/","title":{"rendered":"Foglia"},"content":{"rendered":"<p>Este simp\u00e1tico tr\u00edptico formado por dos macetas de diferentes alturas y un c\u00f3modo puf le dar\u00e1 un toque de alegr\u00eda a su jard\u00edn.<\/p>\n","protected":false},"excerpt":{"rendered":"<p>Maceta Alta, Maceta Baja y Puf<\/p>\n","protected":false},"featured_media":13556,"template":"","meta":{"inline_featured_image":false},"product_brand":[],"product_cat":[188],"product_tag":[235,237],"esigenze":[1295,1351],"tipologie":[],"class_list":{"0":"post-6470","1":"product","2":"type-product","3":"status-publish","4":"has-post-thumbnail","6":"product_cat-linea-rotacional-teiplast","7":"product_tag-macetas-decorativas","8":"product_tag-macetas-para-exteriores","9":"esigenze-mobiliario-urbano","10":"esigenze-macetas-decorativas","12":"first","13":"instock","14":"shipping-taxable","15":"purchasable","16":"product-type-variable"},"acf":[],"_links":{"self":[{"href":"https:\/\/www.pasquiniebini.com\/es\/wp-json\/wp\/v2\/product\/6470","targetHints":{"allow":["GET"]}}],"collection":[{"href":"https:\/\/www.pasquiniebini.com\/es\/wp-json\/wp\/v2\/product"}],"about":[{"href":"https:\/\/www.pasquiniebini.com\/es\/wp-json\/wp\/v2\/types\/product"}],"wp:featuredmedia":[{"embeddable":true,"href":"https:\/\/www.pasquiniebini.com\/es\/wp-json\/wp\/v2\/media\/13556"}],"wp:attachment":[{"href":"https:\/\/www.pasquiniebini.com\/es\/wp-json\/wp\/v2\/media?parent=6470"}],"wp:term":[{"taxonomy":"product_brand","embeddable":true,"href":"https:\/\/www.pasquiniebini.com\/es\/wp-json\/wp\/v2\/product_brand?post=6470"},{"taxonomy":"product_cat","embeddable":true,"href":"https:\/\/www.pasquiniebini.com\/es\/wp-json\/wp\/v2\/product_cat?post=6470"},{"taxonomy":"product_tag","embeddable":true,"href":"https:\/\/www.pasquiniebini.com\/es\/wp-json\/wp\/v2\/product_tag?post=6470"},{"taxonomy":"esigenze","embeddable":true,"href":"https:\/\/www.pasquiniebini.com\/es\/wp-json\/wp\/v2\/esigenze?post=6470"},{"taxonomy":"tipologie","embeddable":true,"href":"https:\/\/www.pasquiniebini.com\/es\/wp-json\/wp\/v2\/tipologie?post=6470"}],"curies":[{"name":"wp","href":"https:\/\/api.w.org\/{rel}","templated":true}]}}