{"id":6468,"date":"2016-05-03T08:48:17","date_gmt":"2016-05-03T08:48:17","guid":{"rendered":"https:\/\/www.pasquiniebini.com\/prodotti\/dorado-jardinera\/"},"modified":"2022-10-06T13:45:18","modified_gmt":"2022-10-06T12:45:18","slug":"dorado-jardinera-rectangular","status":"publish","type":"product","link":"https:\/\/www.pasquiniebini.com\/es\/producto\/dorado-jardinera-rectangular\/","title":{"rendered":"Dorado Jardinera Rectangular"},"content":{"rendered":"<p>Macetero de dise\u00f1o original, con su perfil suntuoso y ondulado, que dar\u00e1 un toque de originalidad al jard\u00edn, evocando la ligereza del mar.<\/p>\n","protected":false},"excerpt":{"rendered":"<p>Jardinera rectangular realizada con moldeo rotacional.<\/p>\n","protected":false},"featured_media":40337,"template":"","meta":{"inline_featured_image":false},"product_brand":[],"product_cat":[188],"product_tag":[226,237],"esigenze":[1351],"tipologie":[],"class_list":{"0":"post-6468","1":"product","2":"type-product","3":"status-publish","4":"has-post-thumbnail","6":"product_cat-linea-rotacional-teiplast","7":"product_tag-jardineras","8":"product_tag-macetas-para-exteriores","9":"esigenze-macetas-decorativas","11":"first","12":"instock","13":"shipping-taxable","14":"purchasable","15":"product-type-variable"},"acf":[],"_links":{"self":[{"href":"https:\/\/www.pasquiniebini.com\/es\/wp-json\/wp\/v2\/product\/6468","targetHints":{"allow":["GET"]}}],"collection":[{"href":"https:\/\/www.pasquiniebini.com\/es\/wp-json\/wp\/v2\/product"}],"about":[{"href":"https:\/\/www.pasquiniebini.com\/es\/wp-json\/wp\/v2\/types\/product"}],"wp:featuredmedia":[{"embeddable":true,"href":"https:\/\/www.pasquiniebini.com\/es\/wp-json\/wp\/v2\/media\/40337"}],"wp:attachment":[{"href":"https:\/\/www.pasquiniebini.com\/es\/wp-json\/wp\/v2\/media?parent=6468"}],"wp:term":[{"taxonomy":"product_brand","embeddable":true,"href":"https:\/\/www.pasquiniebini.com\/es\/wp-json\/wp\/v2\/product_brand?post=6468"},{"taxonomy":"product_cat","embeddable":true,"href":"https:\/\/www.pasquiniebini.com\/es\/wp-json\/wp\/v2\/product_cat?post=6468"},{"taxonomy":"product_tag","embeddable":true,"href":"https:\/\/www.pasquiniebini.com\/es\/wp-json\/wp\/v2\/product_tag?post=6468"},{"taxonomy":"esigenze","embeddable":true,"href":"https:\/\/www.pasquiniebini.com\/es\/wp-json\/wp\/v2\/esigenze?post=6468"},{"taxonomy":"tipologie","embeddable":true,"href":"https:\/\/www.pasquiniebini.com\/es\/wp-json\/wp\/v2\/tipologie?post=6468"}],"curies":[{"name":"wp","href":"https:\/\/api.w.org\/{rel}","templated":true}]}}