{"id":6462,"date":"2016-05-02T12:17:42","date_gmt":"2016-05-02T12:17:42","guid":{"rendered":"https:\/\/www.pasquiniebini.com\/prodotti\/balena-2\/"},"modified":"2022-10-03T10:32:24","modified_gmt":"2022-10-03T09:32:24","slug":"balena","status":"publish","type":"product","link":"https:\/\/www.pasquiniebini.com\/es\/producto\/balena\/","title":{"rendered":"Balena"},"content":{"rendered":"<p>Esta maceta que recuerda la forma del \u00e1nfora, con perfiles estilizados, es la reinterpretaci\u00f3n moderna de un objeto atemporal para decorar el jard\u00edn.<\/p>\n","protected":false},"excerpt":{"rendered":"<p>Maceta \u00e1nfora con portamaceta.<\/p>\n","protected":false},"featured_media":38212,"template":"","meta":{"inline_featured_image":false},"product_brand":[],"product_cat":[188],"product_tag":[235,237],"esigenze":[1295,1351],"tipologie":[],"class_list":{"0":"post-6462","1":"product","2":"type-product","3":"status-publish","4":"has-post-thumbnail","6":"product_cat-linea-rotacional-teiplast","7":"product_tag-macetas-decorativas","8":"product_tag-macetas-para-exteriores","9":"esigenze-mobiliario-urbano","10":"esigenze-macetas-decorativas","12":"first","13":"instock","14":"shipping-taxable","15":"purchasable","16":"product-type-variable"},"acf":[],"_links":{"self":[{"href":"https:\/\/www.pasquiniebini.com\/es\/wp-json\/wp\/v2\/product\/6462","targetHints":{"allow":["GET"]}}],"collection":[{"href":"https:\/\/www.pasquiniebini.com\/es\/wp-json\/wp\/v2\/product"}],"about":[{"href":"https:\/\/www.pasquiniebini.com\/es\/wp-json\/wp\/v2\/types\/product"}],"wp:featuredmedia":[{"embeddable":true,"href":"https:\/\/www.pasquiniebini.com\/es\/wp-json\/wp\/v2\/media\/38212"}],"wp:attachment":[{"href":"https:\/\/www.pasquiniebini.com\/es\/wp-json\/wp\/v2\/media?parent=6462"}],"wp:term":[{"taxonomy":"product_brand","embeddable":true,"href":"https:\/\/www.pasquiniebini.com\/es\/wp-json\/wp\/v2\/product_brand?post=6462"},{"taxonomy":"product_cat","embeddable":true,"href":"https:\/\/www.pasquiniebini.com\/es\/wp-json\/wp\/v2\/product_cat?post=6462"},{"taxonomy":"product_tag","embeddable":true,"href":"https:\/\/www.pasquiniebini.com\/es\/wp-json\/wp\/v2\/product_tag?post=6462"},{"taxonomy":"esigenze","embeddable":true,"href":"https:\/\/www.pasquiniebini.com\/es\/wp-json\/wp\/v2\/esigenze?post=6462"},{"taxonomy":"tipologie","embeddable":true,"href":"https:\/\/www.pasquiniebini.com\/es\/wp-json\/wp\/v2\/tipologie?post=6462"}],"curies":[{"name":"wp","href":"https:\/\/api.w.org\/{rel}","templated":true}]}}