{"id":6458,"date":"2016-05-03T08:03:25","date_gmt":"2016-05-03T08:03:25","guid":{"rendered":"https:\/\/www.pasquiniebini.com\/prodotti\/aquila-cuadrada\/"},"modified":"2022-10-06T13:37:39","modified_gmt":"2022-10-06T12:37:39","slug":"aquila-cuadrada","status":"publish","type":"product","link":"https:\/\/www.pasquiniebini.com\/es\/producto\/aquila-cuadrada\/","title":{"rendered":"Aquila Cuadrada"},"content":{"rendered":"<p>La maceta Aquila es un complemento de decoraci\u00f3n perfecto. Es f\u00e1cilmente adaptable a ambientes interiores y exteriores. Est\u00e1 realizada en varios colores monocrom\u00e1ticos para que sea combinable tanto con la decoraci\u00f3n m\u00e1s cl\u00e1sica como con la m\u00e1s moderna.<\/p>\n","protected":false},"excerpt":{"rendered":"<p>Maceta alta cuadrada de doble pared con portamaceta.<\/p>\n","protected":false},"featured_media":38354,"template":"","meta":{"inline_featured_image":false},"product_brand":[],"product_cat":[188],"product_tag":[232,235,238,237],"esigenze":[1351],"tipologie":[],"class_list":{"0":"post-6458","1":"product","2":"type-product","3":"status-publish","4":"has-post-thumbnail","6":"product_cat-linea-rotacional-teiplast","7":"product_tag-macetas-altas","8":"product_tag-macetas-decorativas","9":"product_tag-macetas-para-ambientes-interiores","10":"product_tag-macetas-para-exteriores","11":"esigenze-macetas-decorativas","13":"first","14":"instock","15":"shipping-taxable","16":"purchasable","17":"product-type-variable"},"acf":[],"_links":{"self":[{"href":"https:\/\/www.pasquiniebini.com\/es\/wp-json\/wp\/v2\/product\/6458","targetHints":{"allow":["GET"]}}],"collection":[{"href":"https:\/\/www.pasquiniebini.com\/es\/wp-json\/wp\/v2\/product"}],"about":[{"href":"https:\/\/www.pasquiniebini.com\/es\/wp-json\/wp\/v2\/types\/product"}],"wp:featuredmedia":[{"embeddable":true,"href":"https:\/\/www.pasquiniebini.com\/es\/wp-json\/wp\/v2\/media\/38354"}],"wp:attachment":[{"href":"https:\/\/www.pasquiniebini.com\/es\/wp-json\/wp\/v2\/media?parent=6458"}],"wp:term":[{"taxonomy":"product_brand","embeddable":true,"href":"https:\/\/www.pasquiniebini.com\/es\/wp-json\/wp\/v2\/product_brand?post=6458"},{"taxonomy":"product_cat","embeddable":true,"href":"https:\/\/www.pasquiniebini.com\/es\/wp-json\/wp\/v2\/product_cat?post=6458"},{"taxonomy":"product_tag","embeddable":true,"href":"https:\/\/www.pasquiniebini.com\/es\/wp-json\/wp\/v2\/product_tag?post=6458"},{"taxonomy":"esigenze","embeddable":true,"href":"https:\/\/www.pasquiniebini.com\/es\/wp-json\/wp\/v2\/esigenze?post=6458"},{"taxonomy":"tipologie","embeddable":true,"href":"https:\/\/www.pasquiniebini.com\/es\/wp-json\/wp\/v2\/tipologie?post=6458"}],"curies":[{"name":"wp","href":"https:\/\/api.w.org\/{rel}","templated":true}]}}