{"id":6455,"date":"2016-05-03T08:31:15","date_gmt":"2016-05-03T08:31:15","guid":{"rendered":"https:\/\/www.pasquiniebini.com\/prodotti\/acquario-jardinera-rectangular\/"},"modified":"2022-10-06T13:41:00","modified_gmt":"2022-10-06T12:41:00","slug":"acquario-jardinera-rectangular","status":"publish","type":"product","link":"https:\/\/www.pasquiniebini.com\/es\/producto\/acquario-jardinera-rectangular\/","title":{"rendered":"Acquario Jardinera Rectangular"},"content":{"rendered":"<p>El macetero tiene una l\u00ednea elegante y limpia. Est\u00e1 disponible en tres colores para adaptarse a cualquier tipo de h\u00e1bitat.<\/p>\n","protected":false},"excerpt":{"rendered":"<p>Jardinera rectangular realizada con moldeo rotacional.<\/p>\n","protected":false},"featured_media":40774,"template":"","meta":{"inline_featured_image":false},"product_brand":[],"product_cat":[188],"product_tag":[226,237],"esigenze":[1295,1351],"tipologie":[],"class_list":{"0":"post-6455","1":"product","2":"type-product","3":"status-publish","4":"has-post-thumbnail","6":"product_cat-linea-rotacional-teiplast","7":"product_tag-jardineras","8":"product_tag-macetas-para-exteriores","9":"esigenze-mobiliario-urbano","10":"esigenze-macetas-decorativas","12":"first","13":"instock","14":"shipping-taxable","15":"purchasable","16":"product-type-variable"},"acf":[],"_links":{"self":[{"href":"https:\/\/www.pasquiniebini.com\/es\/wp-json\/wp\/v2\/product\/6455","targetHints":{"allow":["GET"]}}],"collection":[{"href":"https:\/\/www.pasquiniebini.com\/es\/wp-json\/wp\/v2\/product"}],"about":[{"href":"https:\/\/www.pasquiniebini.com\/es\/wp-json\/wp\/v2\/types\/product"}],"wp:featuredmedia":[{"embeddable":true,"href":"https:\/\/www.pasquiniebini.com\/es\/wp-json\/wp\/v2\/media\/40774"}],"wp:attachment":[{"href":"https:\/\/www.pasquiniebini.com\/es\/wp-json\/wp\/v2\/media?parent=6455"}],"wp:term":[{"taxonomy":"product_brand","embeddable":true,"href":"https:\/\/www.pasquiniebini.com\/es\/wp-json\/wp\/v2\/product_brand?post=6455"},{"taxonomy":"product_cat","embeddable":true,"href":"https:\/\/www.pasquiniebini.com\/es\/wp-json\/wp\/v2\/product_cat?post=6455"},{"taxonomy":"product_tag","embeddable":true,"href":"https:\/\/www.pasquiniebini.com\/es\/wp-json\/wp\/v2\/product_tag?post=6455"},{"taxonomy":"esigenze","embeddable":true,"href":"https:\/\/www.pasquiniebini.com\/es\/wp-json\/wp\/v2\/esigenze?post=6455"},{"taxonomy":"tipologie","embeddable":true,"href":"https:\/\/www.pasquiniebini.com\/es\/wp-json\/wp\/v2\/tipologie?post=6455"}],"curies":[{"name":"wp","href":"https:\/\/api.w.org\/{rel}","templated":true}]}}