{"id":52940,"date":"2024-01-18T16:38:18","date_gmt":"2024-01-18T15:38:18","guid":{"rendered":"https:\/\/www.pasquiniebini.com\/product\/talitha\/"},"modified":"2024-01-18T16:46:29","modified_gmt":"2024-01-18T15:46:29","slug":"talitha","status":"publish","type":"product","link":"https:\/\/www.pasquiniebini.com\/es\/producto\/talitha\/","title":{"rendered":"Talitha"},"content":{"rendered":"<p>Talitha es el resultado de una investigaci\u00f3n y dise\u00f1o cuidadosos, pensado para agregar un toque de elegancia y estilo a cualquier espacio al aire libre. Un dise\u00f1o innovador para combinar est\u00e9tica y practicidad. Un material extremadamente resistente, una estructura robusta para albergar plantas de considerable tama\u00f1o. F\u00e1cilmente manejable gracias a las aberturas para el agarre con el montacargas, Talitha se integra con gracia en cualquier entorno, desde jardines privados hasta parques p\u00fablicos. Una l\u00ednea moderna disponible en colores atemporales y a la moda.<\/p>\n","protected":false},"excerpt":{"rendered":"<p>Maceta lisa \u2013 Fondo ergon\u00f3mico para agarre con montacargas<\/p>\n","protected":false},"featured_media":52875,"template":"","meta":{"inline_featured_image":false},"product_brand":[],"product_cat":[188],"product_tag":[],"esigenze":[1351],"tipologie":[],"class_list":{"0":"post-52940","1":"product","2":"type-product","3":"status-publish","4":"has-post-thumbnail","6":"product_cat-linea-rotacional-teiplast","7":"esigenze-macetas-decorativas","9":"first","10":"instock","11":"shipping-taxable","12":"purchasable","13":"product-type-variable"},"acf":[],"_links":{"self":[{"href":"https:\/\/www.pasquiniebini.com\/es\/wp-json\/wp\/v2\/product\/52940","targetHints":{"allow":["GET"]}}],"collection":[{"href":"https:\/\/www.pasquiniebini.com\/es\/wp-json\/wp\/v2\/product"}],"about":[{"href":"https:\/\/www.pasquiniebini.com\/es\/wp-json\/wp\/v2\/types\/product"}],"wp:featuredmedia":[{"embeddable":true,"href":"https:\/\/www.pasquiniebini.com\/es\/wp-json\/wp\/v2\/media\/52875"}],"wp:attachment":[{"href":"https:\/\/www.pasquiniebini.com\/es\/wp-json\/wp\/v2\/media?parent=52940"}],"wp:term":[{"taxonomy":"product_brand","embeddable":true,"href":"https:\/\/www.pasquiniebini.com\/es\/wp-json\/wp\/v2\/product_brand?post=52940"},{"taxonomy":"product_cat","embeddable":true,"href":"https:\/\/www.pasquiniebini.com\/es\/wp-json\/wp\/v2\/product_cat?post=52940"},{"taxonomy":"product_tag","embeddable":true,"href":"https:\/\/www.pasquiniebini.com\/es\/wp-json\/wp\/v2\/product_tag?post=52940"},{"taxonomy":"esigenze","embeddable":true,"href":"https:\/\/www.pasquiniebini.com\/es\/wp-json\/wp\/v2\/esigenze?post=52940"},{"taxonomy":"tipologie","embeddable":true,"href":"https:\/\/www.pasquiniebini.com\/es\/wp-json\/wp\/v2\/tipologie?post=52940"}],"curies":[{"name":"wp","href":"https:\/\/api.w.org\/{rel}","templated":true}]}}