{"id":25590,"date":"2020-10-19T16:48:46","date_gmt":"2020-10-19T15:48:46","guid":{"rendered":"https:\/\/www.pasquiniebini.com\/?post_type=product&#038;p=25590"},"modified":"2023-03-01T18:17:36","modified_gmt":"2023-03-01T17:17:36","slug":"draco","status":"publish","type":"product","link":"https:\/\/www.pasquiniebini.com\/es\/producto\/draco\/","title":{"rendered":"Draco"},"content":{"rendered":"<p>La maceta Draco ha sido dise\u00f1ada para satisfacer m\u00faltiples necesidades. Dotada de un innovador sistema antiespiralizaci\u00f3n colocado en la pared interna y formado por nervaduras longitudinales, permite un correcto crecimiento vertical de las ra\u00edces. El fondo tiene aberturas equivalentes al 35 % de su superficie capaces de permitir un perfecto drenaje, dejando el grado justo de humedad al sistema radicular y, al mismo tiempo, evitando la formaci\u00f3n de estancamiento. Lateralmente, el fondo se prolonga en pies robustos, para poder permanecer elevado del suelo haciendo que el soporte de la maceta sea muy estable. La distancia al suelo permite que la planta se oxigene mejor y facilita el drenaje, manteniendo el sistema radicular m\u00e1s aislado y protegido de los cambios de temperatura. Es una maceta f\u00e1cil de mover con carretillas equipadas con estante de rejilla, gracias al dise\u00f1o de su borde resistente. F\u00e1cil de apilar y extremadamente duradera, puede soportar las tensiones constantes y repetidas del vivero. Esta maceta dar\u00e1 excelentes resultados en vivero, en cultivo hidrop\u00f3nico y en la producci\u00f3n de plantas j\u00f3venes de ar\u00e1ndanos.<\/p>\n","protected":false},"excerpt":{"rendered":"<p>Maceta antiespiralizaci\u00f3n de polipropileno copol\u00edmero<\/p>\n","protected":false},"featured_media":37830,"template":"","meta":{"inline_featured_image":false},"product_brand":[],"product_cat":[181],"product_tag":[234],"esigenze":[1281],"tipologie":[1343,1347],"class_list":{"0":"post-25590","1":"product","2":"type-product","3":"status-publish","4":"has-post-thumbnail","6":"product_cat-linea-de-inyeccion-npb","7":"product_tag-macetas-antiespiralizacion","8":"esigenze-vivero-y-cultivo","9":"tipologie-macetas-antiespiralizacion","10":"tipologie-macetas-de-vivero","12":"first","13":"instock","14":"shipping-taxable","15":"product-type-simple"},"acf":[],"_links":{"self":[{"href":"https:\/\/www.pasquiniebini.com\/es\/wp-json\/wp\/v2\/product\/25590","targetHints":{"allow":["GET"]}}],"collection":[{"href":"https:\/\/www.pasquiniebini.com\/es\/wp-json\/wp\/v2\/product"}],"about":[{"href":"https:\/\/www.pasquiniebini.com\/es\/wp-json\/wp\/v2\/types\/product"}],"wp:featuredmedia":[{"embeddable":true,"href":"https:\/\/www.pasquiniebini.com\/es\/wp-json\/wp\/v2\/media\/37830"}],"wp:attachment":[{"href":"https:\/\/www.pasquiniebini.com\/es\/wp-json\/wp\/v2\/media?parent=25590"}],"wp:term":[{"taxonomy":"product_brand","embeddable":true,"href":"https:\/\/www.pasquiniebini.com\/es\/wp-json\/wp\/v2\/product_brand?post=25590"},{"taxonomy":"product_cat","embeddable":true,"href":"https:\/\/www.pasquiniebini.com\/es\/wp-json\/wp\/v2\/product_cat?post=25590"},{"taxonomy":"product_tag","embeddable":true,"href":"https:\/\/www.pasquiniebini.com\/es\/wp-json\/wp\/v2\/product_tag?post=25590"},{"taxonomy":"esigenze","embeddable":true,"href":"https:\/\/www.pasquiniebini.com\/es\/wp-json\/wp\/v2\/esigenze?post=25590"},{"taxonomy":"tipologie","embeddable":true,"href":"https:\/\/www.pasquiniebini.com\/es\/wp-json\/wp\/v2\/tipologie?post=25590"}],"curies":[{"name":"wp","href":"https:\/\/api.w.org\/{rel}","templated":true}]}}