{"id":22991,"date":"2020-01-13T16:37:50","date_gmt":"2020-01-13T15:37:50","guid":{"rendered":"https:\/\/www.pasquiniebini.com\/?post_type=product&#038;p=22991"},"modified":"2022-10-03T10:30:46","modified_gmt":"2022-10-03T09:30:46","slug":"lira-alba","status":"publish","type":"product","link":"https:\/\/www.pasquiniebini.com\/es\/producto\/lira-alba\/","title":{"rendered":"Lira &#8211; Alba"},"content":{"rendered":"<p>El dise\u00f1o de la maceta Lira representa la forma m\u00e1s tradicional de la maceta. Esta versi\u00f3n, realizada en polietileno blanco, con sencillez y estilo, aportar\u00e1 un toque de elegancia a cualquier ambiente.<\/p>\n","protected":false},"excerpt":{"rendered":"<p>Lira Alba, maceta redonda lisa de doble pared en color blanco.<\/p>\n","protected":false},"featured_media":39905,"template":"","meta":{"inline_featured_image":false},"product_brand":[],"product_cat":[188],"product_tag":[238,237,243],"esigenze":[1351],"tipologie":[],"class_list":{"0":"post-22991","1":"product","2":"type-product","3":"status-publish","4":"has-post-thumbnail","6":"product_cat-linea-rotacional-teiplast","7":"product_tag-macetas-para-ambientes-interiores","8":"product_tag-macetas-para-exteriores","9":"product_tag-macetas-redondas","10":"esigenze-macetas-decorativas","12":"first","13":"instock","14":"sold-individually","15":"shipping-taxable","16":"purchasable","17":"product-type-variable","18":"has-default-attributes"},"acf":[],"_links":{"self":[{"href":"https:\/\/www.pasquiniebini.com\/es\/wp-json\/wp\/v2\/product\/22991","targetHints":{"allow":["GET"]}}],"collection":[{"href":"https:\/\/www.pasquiniebini.com\/es\/wp-json\/wp\/v2\/product"}],"about":[{"href":"https:\/\/www.pasquiniebini.com\/es\/wp-json\/wp\/v2\/types\/product"}],"wp:featuredmedia":[{"embeddable":true,"href":"https:\/\/www.pasquiniebini.com\/es\/wp-json\/wp\/v2\/media\/39905"}],"wp:attachment":[{"href":"https:\/\/www.pasquiniebini.com\/es\/wp-json\/wp\/v2\/media?parent=22991"}],"wp:term":[{"taxonomy":"product_brand","embeddable":true,"href":"https:\/\/www.pasquiniebini.com\/es\/wp-json\/wp\/v2\/product_brand?post=22991"},{"taxonomy":"product_cat","embeddable":true,"href":"https:\/\/www.pasquiniebini.com\/es\/wp-json\/wp\/v2\/product_cat?post=22991"},{"taxonomy":"product_tag","embeddable":true,"href":"https:\/\/www.pasquiniebini.com\/es\/wp-json\/wp\/v2\/product_tag?post=22991"},{"taxonomy":"esigenze","embeddable":true,"href":"https:\/\/www.pasquiniebini.com\/es\/wp-json\/wp\/v2\/esigenze?post=22991"},{"taxonomy":"tipologie","embeddable":true,"href":"https:\/\/www.pasquiniebini.com\/es\/wp-json\/wp\/v2\/tipologie?post=22991"}],"curies":[{"name":"wp","href":"https:\/\/api.w.org\/{rel}","templated":true}]}}