{"id":18708,"date":"2018-04-16T08:17:16","date_gmt":"2018-04-16T07:17:16","guid":{"rendered":"https:\/\/www.pasquiniebini.com\/?post_type=product&#038;p=18708"},"modified":"2023-03-01T18:19:07","modified_gmt":"2023-03-01T17:19:07","slug":"marte","status":"publish","type":"product","link":"https:\/\/www.pasquiniebini.com\/es\/producto\/marte\/","title":{"rendered":"Marte"},"content":{"rendered":"<p>La forma redondeada, realizada gracias a una l\u00ednea pura, se interrumpe en su parte central por un tramo c\u00f3ncavo que, de hecho, hace que esta maceta sea distintiva y exclusiva. Marte puede contener una planta de gran tama\u00f1o. El fondo de la maceta est\u00e1 reforzado, apto para soportar el peso de la planta, y dispone de gu\u00edas especiales que facilitan su transporte con la carretilla. Es una maceta ornamental perfecta para realzar espacios p\u00fablicos y privados con un tono decidido, capaz de difundir el valor y la calidad t\u00edpicos del Made in Italy al entorno en el que se encuentra.<\/p>\n","protected":false},"excerpt":{"rendered":"<p>Maceta Lisa con Fondo Reforzado para mobiliario urbano. Design by Lorenzo Pelosini<\/p>\n","protected":false},"featured_media":39635,"template":"","meta":{"inline_featured_image":false},"product_brand":[],"product_cat":[188],"product_tag":[236],"esigenze":[1295],"tipologie":[],"class_list":{"0":"post-18708","1":"product","2":"type-product","3":"status-publish","4":"has-post-thumbnail","6":"product_cat-linea-rotacional-teiplast","7":"product_tag-macetas-para-mobiliario-urbano","8":"esigenze-mobiliario-urbano","10":"first","11":"instock","12":"shipping-taxable","13":"purchasable","14":"product-type-variable"},"acf":[],"_links":{"self":[{"href":"https:\/\/www.pasquiniebini.com\/es\/wp-json\/wp\/v2\/product\/18708","targetHints":{"allow":["GET"]}}],"collection":[{"href":"https:\/\/www.pasquiniebini.com\/es\/wp-json\/wp\/v2\/product"}],"about":[{"href":"https:\/\/www.pasquiniebini.com\/es\/wp-json\/wp\/v2\/types\/product"}],"wp:featuredmedia":[{"embeddable":true,"href":"https:\/\/www.pasquiniebini.com\/es\/wp-json\/wp\/v2\/media\/39635"}],"wp:attachment":[{"href":"https:\/\/www.pasquiniebini.com\/es\/wp-json\/wp\/v2\/media?parent=18708"}],"wp:term":[{"taxonomy":"product_brand","embeddable":true,"href":"https:\/\/www.pasquiniebini.com\/es\/wp-json\/wp\/v2\/product_brand?post=18708"},{"taxonomy":"product_cat","embeddable":true,"href":"https:\/\/www.pasquiniebini.com\/es\/wp-json\/wp\/v2\/product_cat?post=18708"},{"taxonomy":"product_tag","embeddable":true,"href":"https:\/\/www.pasquiniebini.com\/es\/wp-json\/wp\/v2\/product_tag?post=18708"},{"taxonomy":"esigenze","embeddable":true,"href":"https:\/\/www.pasquiniebini.com\/es\/wp-json\/wp\/v2\/esigenze?post=18708"},{"taxonomy":"tipologie","embeddable":true,"href":"https:\/\/www.pasquiniebini.com\/es\/wp-json\/wp\/v2\/tipologie?post=18708"}],"curies":[{"name":"wp","href":"https:\/\/api.w.org\/{rel}","templated":true}]}}