{"id":14713,"date":"2017-10-07T10:06:23","date_gmt":"2017-10-07T09:06:23","guid":{"rendered":"https:\/\/www.pasquiniebini.com\/?post_type=product&#038;p=14713"},"modified":"2023-03-01T18:14:40","modified_gmt":"2023-03-01T17:14:40","slug":"luna-jardinera","status":"publish","type":"product","link":"https:\/\/www.pasquiniebini.com\/es\/producto\/luna-jardinera\/","title":{"rendered":"Luna Jardinera"},"content":{"rendered":"<p>El macetero Luna se caracteriza por la l\u00ednea sencilla y la gran vivacidad de los colores de la gama que permiten combinaciones atrevidas capaces de reavivar cada rinc\u00f3n del jard\u00edn. Se puede combinar con las macetas de la serie ANTLIA en infinitas composiciones creativas, satisfaciendo as\u00ed las inclinaciones del gusto y la personalidad. Excelente producto para hierbas arom\u00e1ticas.<\/p>\n","protected":false},"excerpt":{"rendered":"<p>Jardinera con fondo de polipropileno copol\u00edmero<\/p>\n","protected":false},"featured_media":14730,"template":"","meta":{"inline_featured_image":false},"product_brand":[],"product_cat":[181],"product_tag":[],"esigenze":[1299,1291],"tipologie":[1331,1327],"class_list":{"0":"post-14713","1":"product","2":"type-product","3":"status-publish","4":"has-post-thumbnail","6":"product_cat-linea-de-inyeccion-npb","7":"esigenze-floricultura","8":"esigenze-garden-y-hobby","9":"tipologie-jardineras-de-plastico-por-inyeccion","10":"tipologie-cuencos-y-maceteros-de-plastico-por-inyeccion","12":"first","13":"instock","14":"shipping-taxable","15":"purchasable","16":"product-type-variable"},"acf":[],"_links":{"self":[{"href":"https:\/\/www.pasquiniebini.com\/es\/wp-json\/wp\/v2\/product\/14713","targetHints":{"allow":["GET"]}}],"collection":[{"href":"https:\/\/www.pasquiniebini.com\/es\/wp-json\/wp\/v2\/product"}],"about":[{"href":"https:\/\/www.pasquiniebini.com\/es\/wp-json\/wp\/v2\/types\/product"}],"wp:featuredmedia":[{"embeddable":true,"href":"https:\/\/www.pasquiniebini.com\/es\/wp-json\/wp\/v2\/media\/14730"}],"wp:attachment":[{"href":"https:\/\/www.pasquiniebini.com\/es\/wp-json\/wp\/v2\/media?parent=14713"}],"wp:term":[{"taxonomy":"product_brand","embeddable":true,"href":"https:\/\/www.pasquiniebini.com\/es\/wp-json\/wp\/v2\/product_brand?post=14713"},{"taxonomy":"product_cat","embeddable":true,"href":"https:\/\/www.pasquiniebini.com\/es\/wp-json\/wp\/v2\/product_cat?post=14713"},{"taxonomy":"product_tag","embeddable":true,"href":"https:\/\/www.pasquiniebini.com\/es\/wp-json\/wp\/v2\/product_tag?post=14713"},{"taxonomy":"esigenze","embeddable":true,"href":"https:\/\/www.pasquiniebini.com\/es\/wp-json\/wp\/v2\/esigenze?post=14713"},{"taxonomy":"tipologie","embeddable":true,"href":"https:\/\/www.pasquiniebini.com\/es\/wp-json\/wp\/v2\/tipologie?post=14713"}],"curies":[{"name":"wp","href":"https:\/\/api.w.org\/{rel}","templated":true}]}}